{"id":3,"date":"2019-02-17T16:21:30","date_gmt":"2019-02-17T15:21:30","guid":{"rendered":"https:\/\/translate.iena.ch\/?page_id=3"},"modified":"2021-11-25T10:14:02","modified_gmt":"2021-11-25T09:14:02","slug":"politique-de-confidentialite","status":"publish","type":"page","link":"https:\/\/translate.iena.ch\/de\/politique-de-confidentialite\/","title":{"rendered":"Politique de confidentialit\u00e9"},"content":{"rendered":"<div  class=\"vc_row wpb_row vc_row-fluid\"><div class=\"vc_container\"><div class=\"wpb_column vc_column_container vc_col-sm-12\"><div class=\"vc_column-inner\"><div class=\"wpb_wrapper\"><h1 style=\"text-align: left;font-family:Roboto;font-weight:700;font-style:normal\" class=\"vc_custom_heading\" >POLITIQUE DE CONFIDENTIALIT\u00c9<\/h1><\/div><\/div><\/div><\/div><\/div><div  class=\"vc_row wpb_row vc_row-fluid\"><div class=\"vc_container\"><div class=\"wpb_column vc_column_container vc_col-sm-12\"><div class=\"vc_column-inner\"><div class=\"wpb_wrapper\"><h2 style=\"text-align: left;font-family:Roboto;font-weight:500;font-style:normal\" class=\"vc_custom_heading\" >Qui sommes-nous<\/h2>\n\t<div class=\"wpb_text_column wpb_content_element\" >\n\t\t<div class=\"wpb_wrapper\">\n\t\t\t<p style=\"text-align: left;\"><span style=\"font-family: roboto; color: #000000;\"><strong>Institut \u00c9questre National d&#8217;Avenches (IENA)<\/strong><br \/>\nLes Longs Pr\u00e9s 1a<br \/>\n1560 Avenches<br \/>\nwww.iena.ch<\/span><\/p>\n\n\t\t<\/div>\n\t<\/div>\n<div class=\"vc_empty_space\"   style=\"height: 50px\"><span class=\"vc_empty_space_inner\"><\/span><\/div><\/div><\/div><\/div><\/div><\/div><div  class=\"vc_row wpb_row vc_row-fluid\"><div class=\"vc_container\"><div class=\"wpb_column vc_column_container vc_col-sm-12\"><div class=\"vc_column-inner\"><div class=\"wpb_wrapper\"><h2 style=\"text-align: left;font-family:Roboto;font-weight:500;font-style:normal\" class=\"vc_custom_heading\" >Utilisation des donn\u00e9es personnelles collect\u00e9es<\/h2>\n\t<div class=\"wpb_text_column wpb_content_element\" >\n\t\t<div class=\"wpb_wrapper\">\n\t\t\t<p style=\"text-align: left;\"><span style=\"font-family: roboto; color: #000000;\">Vos donn\u00e9es personnelles sont collect\u00e9es<strong> au travers du syst\u00e8me de r\u00e9servation en ligne.<\/strong><br \/>\nIl s&#8217;agit de toutes les informations personnelles que vous nous soumettez directement moment o\u00f9 vous vous inscrivez \u00e0 un cours ou r\u00e9servez une infrastructure.<\/span><\/p>\n<p style=\"text-align: left;\"><span style=\"font-family: roboto; color: #000000;\">Le terme de \u201cdonn\u00e9es personnelles\u201d regroupe toutes les informations qui permettraient de vous identifier comme par exemple:<\/span><\/p>\n<ul>\n<li style=\"text-align: left;\"><span style=\"font-family: roboto; color: #000000;\">Le nom et les renseignements du contact (par exemple le code postal, l&#8217;adresse e-mail, le num\u00e9ro de t\u00e9l\u00e9phone)<\/span><\/li>\n<li style=\"text-align: left;\"><span style=\"font-family: roboto; color: #000000;\">Les informations de compte (par exemple l&#8217;identifiant, l&#8217;image de profil, l&#8217;identifiant d&#8217;un compte de r\u00e9seau social)<\/span><\/li>\n<li style=\"text-align: left;\"><span style=\"font-family: roboto; color: #000000;\">Le pays de r\u00e9sidence<\/span><\/li>\n<li style=\"text-align: left;\"><span style=\"font-family: roboto; color: #000000;\">L&#8217;adresse et le code postal<\/span><\/li>\n<li style=\"text-align: left;\"><span style=\"font-family: roboto; color: #000000;\">Les informations techniques, comme par exemple le pseudonyme, l&#8217;adresse IP, les donn\u00e9es de l&#8217;appareil, du syst\u00e8me ou du navigateur, les informations collect\u00e9es par les cookies et les balises web ou d&#8217;autres technologies, les donn\u00e9es du fichier journal du serveur, les donn\u00e9es d&#8217;utilisation d&#8217;une application et les donn\u00e9es de localisation<\/span><\/li>\n<li style=\"text-align: left;\"><span style=\"font-family: roboto; color: #000000;\">Les pr\u00e9f\u00e9rences (par exemple les habitudes d&#8217;achats, les projets d\u2019orientation)<br \/>\n<\/span><\/li>\n<\/ul>\n\n\t\t<\/div>\n\t<\/div>\n<div class=\"vc_empty_space\"   style=\"height: 30px\"><span class=\"vc_empty_space_inner\"><\/span><\/div><h3 style=\"text-align: left;font-family:Roboto;font-weight:500;font-style:normal\" class=\"vc_custom_heading\" >Formulaires de r\u00e9servation et d'inscription<\/h3>\n\t<div class=\"wpb_text_column wpb_content_element\" >\n\t\t<div class=\"wpb_wrapper\">\n\t\t\t<p style=\"text-align: left;\"><span style=\"font-family: roboto; color: #000000;\">Si vous avez un compte et que vous vous connectez sur ce site, un cookie temporaire sera cr\u00e9\u00e9 afin de d\u00e9terminer si votre navigateur accepte les cookies. Il ne contient pas de donn\u00e9es personnelles et sera supprim\u00e9 automatiquement \u00e0 la fermeture de votre navigateur. <\/span><\/p>\n<p style=\"text-align: left;\"><span style=\"font-family: roboto; color: #000000;\">Lorsque vous vous connecterez, nous mettrons en place un certain nombre de cookies pour enregistrer vos informations de connexion et vos pr\u00e9f\u00e9rences d\u2019\u00e9cran. La dur\u00e9e de vie d\u2019un cookie de connexion est de deux jours, celle d\u2019un cookie d\u2019option d\u2019\u00e9cran est d\u2019un an. Si vous cochez \u00abSe souvenir de moi\u00bb, votre cookie de connexion sera conserv\u00e9 pendant deux semaines. Si vous vous d\u00e9connectez de votre compte, le cookie de connexion sera effac\u00e9. <\/span><\/p>\n\n\t\t<\/div>\n\t<\/div>\n<div class=\"vc_empty_space\"   style=\"height: 30px\"><span class=\"vc_empty_space_inner\"><\/span><\/div><h3 style=\"text-align: left;font-family:Roboto;font-weight:500;font-style:normal\" class=\"vc_custom_heading\" >Comment utilisons-nous les donn\u00e9es personnelles?<\/h3>\n\t<div class=\"wpb_text_column wpb_content_element\" >\n\t\t<div class=\"wpb_wrapper\">\n\t\t\t<p style=\"text-align: left;\"><span style=\"font-family: roboto; color: #000000;\"> Vos donn\u00e9es personnelles seront trait\u00e9es par IENA afin d&#8217;effectuer votre r\u00e9servation, fournir les services auxquels vous vous \u00eates inscrits, mais \u00e9galement pour le service clients, les services d&#8217;administration ou encore selon ce qui est n\u00e9cessaire pour ex\u00e9cuter le contrat pass\u00e9 entre les deux parties.<br \/>\n<\/span><\/p>\n<p style=\"text-align: left;\"><span style=\"font-family: roboto; color: #000000;\">Nous pouvons \u00e9galement utiliser des donn\u00e9es personnelles pour:<\/span><\/p>\n<ul>\n<li style=\"text-align: left;\"><span style=\"font-family: roboto; color: #000000;\"><span style=\"font-family: roboto; color: #000000;\">l&#8217;envoi d&#8217;informations relatives \u00e0 votre compte et vos r\u00e9servations\/inscriptions<br \/>\n<\/span><\/span><\/li>\n<li style=\"text-align: left;\"><span style=\"font-family: roboto; color: #000000;\"><span style=\"font-family: roboto; color: #000000;\">r\u00e9pondre aux demandes, incluant les remboursements et plaintes<\/span><\/span><\/li>\n<li style=\"text-align: left;\"><span style=\"font-family: roboto; color: #000000;\"><span style=\"font-family: roboto; color: #000000;\">le traitement des paiements et pr\u00e9vention de fraude<\/span><\/span><\/li>\n<li style=\"text-align: left;\"><span style=\"font-family: roboto; color: #000000;\"><span style=\"font-family: roboto; color: #000000;\">se conformer \u00e0 toute obligation l\u00e9gale <\/span><\/span><\/li>\n<li style=\"text-align: left;\"><span style=\"font-family: roboto; color: #000000;\"><span style=\"font-family: roboto; color: #000000;\">\u00e9tablir des statistiques qui nous aideront \u00e0 \u00e9valuer les besoins de nos clients et d\u00e9velopper notre offre. <\/span><\/span><\/li>\n<li style=\"text-align: left;\"><span style=\"font-family: roboto; color: #000000;\"><span style=\"font-family: roboto; color: #000000;\">l&#8217;envoi de newsletters et offres sp\u00e9ciales bas\u00e9es sur vos centres d&#8217;int\u00e9r\u00eat. Toutes ces communications par e-mail incluront un lien de d\u00e9sabonnement mis en \u00e9vidence.<\/span><\/span><\/li>\n<\/ul>\n<p style=\"text-align: left;\"><span style=\"font-family: roboto; color: #000000;\"><strong>Nous ne partageons pas vos donn\u00e9es avec des soci\u00e9t\u00e9s tierces ou partenaires commerciaux.<\/strong><br \/>\n<\/span><\/p>\n\n\t\t<\/div>\n\t<\/div>\n<div class=\"vc_empty_space\"   style=\"height: 30px\"><span class=\"vc_empty_space_inner\"><\/span><\/div><h3 style=\"text-align: left;font-family:Roboto;font-weight:500;font-style:normal\" class=\"vc_custom_heading\" >Dur\u00e9e de stockage de vos donn\u00e9es<\/h3>\n\t<div class=\"wpb_text_column wpb_content_element\" >\n\t\t<div class=\"wpb_wrapper\">\n\t\t\t<p style=\"text-align: left;\"><span style=\"font-family: roboto; color: #000000;\">Pour les utilisateurs et utilisatrices qui s\u2019enregistrent sur notre site, nous stockons les donn\u00e9es personnelles indiqu\u00e9es dans leur profil, les informations de r\u00e9servation et d&#8217;inscription. Tous les utilisateurs et utilisatrices peuvent voir, modifier ou supprimer leurs informations personnelles \u00e0 tout moment (\u00e0 l\u2019exception de leur nom d\u2019utilisateur\u00b7ice). Les gestionnaires du site peuvent aussi voir et modifier ces informations. Ces informations sont stock\u00e9es pour 3 ans,\u00a0 dur\u00e9e raisonnable n\u00e9cessaire au fonctionnement du Site et \u00e0 une utilisation normale des donn\u00e9es.<br \/>\n<\/span><\/p>\n\n\t\t<\/div>\n\t<\/div>\n<div class=\"vc_empty_space\"   style=\"height: 30px\"><span class=\"vc_empty_space_inner\"><\/span><\/div><h3 style=\"text-align: left;font-family:Roboto;font-weight:500;font-style:normal\" class=\"vc_custom_heading\" >Vos droits sur vos donn\u00e9es<\/h3>\n\t<div class=\"wpb_text_column wpb_content_element\" >\n\t\t<div class=\"wpb_wrapper\">\n\t\t\t<p style=\"text-align: left;\"><span style=\"font-family: roboto; color: #000000;\">Si vous avez un compte, vous pouvez demander \u00e0 recevoir un fichier contenant toutes les donn\u00e9es personnelles que nous poss\u00e9dons \u00e0 votre sujet, incluant celles que vous nous avez fournies. Vous pouvez \u00e9galement demander la suppression des donn\u00e9es personnelles vous concernant. Cela ne prend pas en compte les donn\u00e9es stock\u00e9es \u00e0 des fins administratives, l\u00e9gales ou pour des raisons de s\u00e9curit\u00e9.<\/span><\/p>\n\n\t\t<\/div>\n\t<\/div>\n<\/div><\/div><\/div><\/div><\/div>","protected":false},"excerpt":{"rendered":"POLITIQUE DE CONFIDENTIALIT\u00c9Qui sommes-nous Institut \u00c9questre National d'Avenches (IENA) Les Longs Pr\u00e9s 1a 1560 Avenches www.iena.ch Utilisation des donn\u00e9es personnelles collect\u00e9es Vos donn\u00e9es personnelles sont collect\u00e9es au travers du syst\u00e8me de r\u00e9servation en ligne. Il s'agit de toutes les informations personnelles que vous nous soumettez directement moment o\u00f9 vous vous inscrivez \u00e0 un cours ou r\u00e9servez une infrastructure. Le terme de \u201cdonn\u00e9es personnelles\u201d regroupe toutes les informations qui permettraient de vous identifier comme par exemple: Le nom et les renseignements du contact (par exemple le code postal, l'adresse e-mail, le num\u00e9ro de t\u00e9l\u00e9phone) Les informations de compte (par exemple l'identifiant, &hellip; <a href=\"https:\/\/translate.iena.ch\/de\/politique-de-confidentialite\/\">Lire la suite<\/a>","protected":false},"author":1,"featured_media":0,"parent":0,"menu_order":0,"comment_status":"closed","ping_status":"open","template":"","meta":[],"acf":[],"_links":{"self":[{"href":"https:\/\/translate.iena.ch\/de\/wp-json\/wp\/v2\/pages\/3"}],"collection":[{"href":"https:\/\/translate.iena.ch\/de\/wp-json\/wp\/v2\/pages"}],"about":[{"href":"https:\/\/translate.iena.ch\/de\/wp-json\/wp\/v2\/types\/page"}],"author":[{"embeddable":true,"href":"https:\/\/translate.iena.ch\/de\/wp-json\/wp\/v2\/users\/1"}],"replies":[{"embeddable":true,"href":"https:\/\/translate.iena.ch\/de\/wp-json\/wp\/v2\/comments?post=3"}],"version-history":[{"count":0,"href":"https:\/\/translate.iena.ch\/de\/wp-json\/wp\/v2\/pages\/3\/revisions"}],"wp:attachment":[{"href":"https:\/\/translate.iena.ch\/de\/wp-json\/wp\/v2\/media?parent=3"}],"curies":[{"name":"wp","href":"https:\/\/api.w.org\/{rel}","templated":true}]}}