{"id":39413,"date":"2021-12-13T10:15:08","date_gmt":"2021-12-13T09:15:08","guid":{"rendered":"https:\/\/translate.iena.ch\/?page_id=39413"},"modified":"2022-05-03T13:42:35","modified_gmt":"2022-05-03T11:42:35","slug":"academy-cours-adultes-de","status":"publish","type":"page","link":"https:\/\/translate.iena.ch\/de\/academy\/academy-cours-adultes-de\/","title":{"rendered":"Academy cours adultes-DE"},"content":{"rendered":"<div  class=\"vc_row wpb_row vc_row-fluid\"><div class=\"full_width\"><div class=\"wpb_column vc_column_container vc_col-sm-12 vc_hidden-md vc_hidden-sm vc_hidden-xs vc_col-has-fill\"><div class=\"vc_column-inner vc_custom_1646666319439\"><div class=\"wpb_wrapper\"><div class=\"vc_empty_space\"   style=\"height: 25px\"><span class=\"vc_empty_space_inner\"><\/span><\/div><h4 style=\"color: #ffffff;text-align: center;font-family:Roboto;font-weight:500;font-style:normal\" class=\"vc_custom_heading text space\" ><a href=\"https:\/\/translate.iena.ch\/de\/academy\/academy-cours-adultes\/\">COURS EN FRAN\u00c7AIS<\/a><\/h4><div class=\"vc_empty_space\"   style=\"height: 25px\"><span class=\"vc_empty_space_inner\"><\/span><\/div><\/div><\/div><\/div><\/div><\/div><div  class=\"vc_row wpb_row vc_row-fluid\"><div class=\"full_width\"><div class=\"wpb_column vc_column_container vc_col-sm-12 vc_hidden-md vc_hidden-sm vc_hidden-xs\"><div class=\"vc_column-inner vc_custom_1618749644360\"><div class=\"wpb_wrapper\"><div class=\"vc_empty_space\"   style=\"height: 50px\"><span class=\"vc_empty_space_inner\"><\/span><\/div><h1 style=\"font-size: 50px;color: #000000;line-height: 50px;text-align: center;font-family:Roboto;font-weight:700;font-style:normal\" class=\"vc_custom_heading text space\" >ERWACHSENENBILDUNG<\/h1><div class=\"vc_empty_space\"   style=\"height: 10px\"><span class=\"vc_empty_space_inner\"><\/span><\/div><h6 style=\"font-size: 20px;color: #000000;line-height: 40px;text-align: center;font-family:Roboto;font-weight:400;font-style:normal\" class=\"vc_custom_heading text space\" >Sie besch\u00e4ftigen sich mit Pferden und m\u00f6chten Ihr Wissen erweitern, um Ihre Beziehung zu ihnen zu verbessern?<br \/>\nM\u00f6chten Sie wissen, welche Bed\u00fcrfnisse Pferde haben und wie Sie diese am besten befriedigen k\u00f6nnen, um ihr Wohlbefinden zu gew\u00e4hrleisten?<\/h6>\n\t<div class=\"wpb_text_column wpb_content_element  vc_custom_1651507817698\" >\n\t\t<div class=\"wpb_wrapper\">\n\t\t\t<p style=\"text-align: center;\"><span style=\"font-family: roboto; color: #000000;\">Reiter, Z\u00fcchter oder einfach nur &#8220;leidenschaftliche&#8221; Pferdeliebhaber. Alle Personen, die sich f\u00fcr das Wohlbefinden von Pferden interessieren, sind eingeladen, diese Kurse zu besuchen, deren Themen von einer Gruppe anerkannter Spezialisten aus Bereichen wie Ethologie und Veterin\u00e4rmedizin konzipiert wurden.<br \/>\nDie Kurse der IENA ACADEMY bieten solide Referenzen, um Ihr Verhalten an die Bed\u00fcrfnisse der Pferde anzupassen. Die Kurse finden im IENA in Avenches statt.<\/span><\/p>\n\n\t\t<\/div>\n\t<\/div>\n<div class=\"vc_empty_space\"   style=\"height: 30px\"><span class=\"vc_empty_space_inner\"><\/span><\/div>\n\t<div class=\"wpb_text_column wpb_content_element  vc_custom_1651578108558\" >\n\t\t<div class=\"wpb_wrapper\">\n\t\t\t<p style=\"text-align: center;\"><span style=\"font-family: roboto; color: #000000;\">M\u00f6chten Sie \u00fcber neue Kurse informiert werden? Hinterlassen Sie uns Ihre E-Mail-Adresse!<\/span><\/p>\n<p style=\"text-align: center;\"><a href=\"#\" class=\"pps-btn pps-button-popup-41428 pps-button-popup\"  title=\"Mich anmelden\">Mich anmelden<\/a><\/p>\n\n\t\t<\/div>\n\t<\/div>\n<div class=\"vc_empty_space\"   style=\"height: 100px\"><span class=\"vc_empty_space_inner\"><\/span><\/div><\/div><\/div><\/div><\/div><\/div><div  class=\"vc_row wpb_row vc_row-fluid vc_custom_1637767923971\"><div class=\"full_width\"><div class=\"wpb_column vc_column_container vc_col-sm-12 vc_hidden-lg\"><div class=\"vc_column-inner vc_custom_1618749962397\"><div class=\"wpb_wrapper\"><div class=\"vc_empty_space\"   style=\"height: 50px\"><span class=\"vc_empty_space_inner\"><\/span><\/div><h2 style=\"font-size: 30px;color: #000000;line-height: 50px;text-align: left;font-family:Roboto;font-weight:700;font-style:normal\" class=\"vc_custom_heading text space\" >ERWACHSENENBILDUNG<\/h2><div class=\"vc_empty_space\"   style=\"height: 10px\"><span class=\"vc_empty_space_inner\"><\/span><\/div>\n\t<div class=\"wpb_text_column wpb_content_element\" >\n\t\t<div class=\"wpb_wrapper\">\n\t\t\t<p style=\"text-align: left;\"><span style=\"font-family: roboto; color: #000000;\">Sie besch\u00e4ftigen sich mit Pferden und m\u00f6chten Ihr Wissen erweitern, um Ihre Beziehung zu ihnen zu verbessern?<br \/>\nM\u00f6chten Sie wissen, welche Bed\u00fcrfnisse Pferde haben und wie Sie diese am besten befriedigen k\u00f6nnen, um ihr Wohlbefinden zu gew\u00e4hrleisten?<\/span><\/p>\n<div class=\"wpb_text_column wpb_content_element vc_custom_1639384951704\">\n<div class=\"wpb_wrapper\">\n<p style=\"text-align: left;\"><span style=\"font-family: roboto; color: #000000;\">Reiter, Z\u00fcchter oder einfach nur \u201cleidenschaftliche\u201d Pferdeliebhaber. Alle Personen, die sich f\u00fcr das Wohlbefinden von Pferden interessieren, sind eingeladen, diese Kurse zu besuchen, deren Themen von einer Gruppe anerkannter Spezialisten aus Bereichen wie Ethologie und Veterin\u00e4rmedizin konzipiert wurden.<br \/>\nDie Kurse der IENA ACADEMY bieten solide Referenzen, um Ihr Verhalten an die Bed\u00fcrfnisse der Pferde anzupassen. Die Kurse finden im IENA in Avenches statt.<\/span><\/p>\n<p style=\"text-align: left;\">\n<\/div>\n<\/div>\n\n\t\t<\/div>\n\t<\/div>\n<div class=\"vc_empty_space\"   style=\"height: 50px\"><span class=\"vc_empty_space_inner\"><\/span><\/div><\/div><\/div><\/div><\/div><\/div><div  class=\"vc_row wpb_row vc_row-fluid vc_custom_1638188364684 vc_row-o-equal-height vc_row-flex\"><div class=\"full_width\"><div class=\"wpb_column vc_column_container vc_col-sm-6 vc_hidden-lg vc_hidden-md vc_hidden-sm vc_hidden-xs vc_col-has-fill\"><div class=\"vc_column-inner vc_custom_1648448625166\"><div class=\"wpb_wrapper\">\n\t<div class=\"wpb_single_image wpb_content_element vc_align_right\">\n\t\t<div class=\"wpb_wrapper\">\n\t\t\t\n\t\t\t<div class=\"vc_single_image-wrapper   vc_box_border_grey\"><img width=\"1181\" height=\"782\" src=\"https:\/\/translate.iena.ch\/wp-content\/uploads\/2022\/02\/cheval-au-parc-neue-datum.jpg\" class=\"vc_single_image-img attachment-full\" alt=\"\" loading=\"lazy\" title=\"cheval-au-parc-neue-datum\" srcset=\"https:\/\/translate.iena.ch\/wp-content\/uploads\/2022\/02\/cheval-au-parc-neue-datum.jpg 1181w, https:\/\/translate.iena.ch\/wp-content\/uploads\/2022\/02\/cheval-au-parc-neue-datum-300x199.jpg 300w, https:\/\/translate.iena.ch\/wp-content\/uploads\/2022\/02\/cheval-au-parc-neue-datum-1024x678.jpg 1024w, https:\/\/translate.iena.ch\/wp-content\/uploads\/2022\/02\/cheval-au-parc-neue-datum-768x509.jpg 768w, https:\/\/translate.iena.ch\/wp-content\/uploads\/2022\/02\/cheval-au-parc-neue-datum-391x260.jpg 391w, https:\/\/translate.iena.ch\/wp-content\/uploads\/2022\/02\/cheval-au-parc-neue-datum-200x132.jpg 200w, https:\/\/translate.iena.ch\/wp-content\/uploads\/2022\/02\/cheval-au-parc-neue-datum-600x397.jpg 600w\" sizes=\"(max-width: 1181px) 100vw, 1181px\" \/><\/div>\n\t\t<\/div>\n\t<\/div>\n<\/div><\/div><\/div><div class=\"wpb_column vc_column_container vc_col-sm-6 vc_hidden-lg vc_hidden-md vc_hidden-sm vc_hidden-xs\"><div class=\"vc_column-inner vc_custom_1648448658315\"><div class=\"wpb_wrapper\"><div class=\"vc_empty_space\"   style=\"height: 30px\"><span class=\"vc_empty_space_inner\"><\/span><\/div><section class=\"vc_cta3-container\"><div class=\"vc_general vc_cta3 vc_cta3-style-flat vc_cta3-shape-square vc_cta3-align-left vc_cta3-color-grey vc_cta3-icon-size-md vc_cta3-actions-bottom\"><div class=\"vc_cta3_content-container\"><div class=\"vc_cta3-content\"><header class=\"vc_cta3-content-header\"><h2 style=\"font-size: 40px;color: #fbba07;font-family:Roboto;font-weight:900;font-style:normal\" class=\"vc_custom_heading\" >2. April 2022<\/h2><h4 style=\"font-size: 40px;color: #000000;line-height: 40px;font-family:Roboto;font-weight:700;font-style:normal\" class=\"vc_custom_heading\" >DER LEBENSRAUM DES PFERDES<\/h4><\/header><p style=\"text-align: left;\"><strong><span style=\"font-family: roboto; color: #000000;\">Ein Pferd halten: eine echte Herausforderung, um seine nat\u00fcrlichen Bed\u00fcrfnisse zu befriedigen <\/span><\/strong><\/p>\n<p style=\"text-align: left;\"><span style=\"font-family: roboto; color: #000000;\">Die Haltung optimieren. Die richtige Haltungsform f\u00fcr mein Pferd w\u00e4hlen. Ist die Haltung meines Pferdes konform? Mit dem Gesetz oder mit seinen Bed\u00fcrfnissen? Was sollte ich \u00e4ndern? Kann mein Pferd in eine Pferdegruppe eingegliedert werden?<\/span><\/p>\n<p style=\"text-align: left;\"><span style=\"font-family: roboto; color: #000000;\">Programm: Besuch und Kritik von Stallungen auf dem Gel\u00e4nde von IENA &#8211; Theorien mit Zwischenpause &#8211; nachmittags Besuche von Au\u00dfenbetrieben <\/span><\/p>\n<p style=\"text-align: left;\"><span style=\"font-family: roboto; color: #000000;\">Kurs unterrichtet von Bettina Ehrbar &amp; Gilles Thi\u00e9baud<\/span><\/p>\n<p style=\"text-align: left;\"><strong><span style=\"font-family: roboto; color: #000000;\">Stundenplan: 8h &#8211; 17h<br \/>\n<\/span><\/strong><strong><span style=\"font-family: roboto; color: #000000;\">PREISE: CHF 120.- f\u00fcr den Tag<\/span><\/strong><\/p>\n<\/div><div class=\"vc_cta3-actions\"><div class=\"vc_btn3-container vc_btn3-inline\" ><a class=\"vc_general vc_btn3 vc_btn3-size-md vc_btn3-shape-round vc_btn3-style-flat vc_btn3-color-green\" href=\"https:\/\/iena.simplybook.it\/v2\/#book\/category\/21\/service\/134\/count\/1\/provider\/any\/\" title=\"\" target=\"_blank\">Anmeldung<\/a><\/div><\/div><\/div><\/div><\/section><\/div><\/div><\/div><\/div><\/div><div  class=\"vc_row wpb_row vc_row-fluid vc_row-o-equal-height vc_row-flex\"><div class=\"full_width\"><div class=\"wpb_column vc_column_container vc_col-sm-6 vc_hidden-lg vc_hidden-md vc_hidden-sm vc_hidden-xs vc_col-has-fill\"><div class=\"vc_column-inner vc_custom_1651577535675\"><div class=\"wpb_wrapper\">\n\t<div class=\"wpb_single_image wpb_content_element vc_align_right\">\n\t\t<div class=\"wpb_wrapper\">\n\t\t\t\n\t\t\t<div class=\"vc_single_image-wrapper   vc_box_border_grey\"><img width=\"1181\" height=\"787\" src=\"https:\/\/translate.iena.ch\/wp-content\/uploads\/2021\/03\/chevaux-se-grattent.jpg\" class=\"vc_single_image-img attachment-full\" alt=\"\" loading=\"lazy\" title=\"chevaux-se-grattent\" srcset=\"https:\/\/translate.iena.ch\/wp-content\/uploads\/2021\/03\/chevaux-se-grattent.jpg 1181w, https:\/\/translate.iena.ch\/wp-content\/uploads\/2021\/03\/chevaux-se-grattent-300x200.jpg 300w, https:\/\/translate.iena.ch\/wp-content\/uploads\/2021\/03\/chevaux-se-grattent-1024x682.jpg 1024w, https:\/\/translate.iena.ch\/wp-content\/uploads\/2021\/03\/chevaux-se-grattent-768x512.jpg 768w, https:\/\/translate.iena.ch\/wp-content\/uploads\/2021\/03\/chevaux-se-grattent-391x260.jpg 391w, https:\/\/translate.iena.ch\/wp-content\/uploads\/2021\/03\/chevaux-se-grattent-200x133.jpg 200w, https:\/\/translate.iena.ch\/wp-content\/uploads\/2021\/03\/chevaux-se-grattent-640x426.jpg 640w, https:\/\/translate.iena.ch\/wp-content\/uploads\/2021\/03\/chevaux-se-grattent-600x400.jpg 600w\" sizes=\"(max-width: 1181px) 100vw, 1181px\" \/><\/div>\n\t\t<\/div>\n\t<\/div>\n<\/div><\/div><\/div><div class=\"wpb_column vc_column_container vc_col-sm-6 vc_hidden-lg vc_hidden-md vc_hidden-sm vc_hidden-xs\"><div class=\"vc_column-inner vc_custom_1651577543523\"><div class=\"wpb_wrapper\"><section class=\"vc_cta3-container\"><div class=\"vc_general vc_cta3 vc_cta3-style-flat vc_cta3-shape-square vc_cta3-align-left vc_cta3-color-white vc_cta3-icon-size-md vc_cta3-actions-bottom\"><div class=\"vc_cta3_content-container\"><div class=\"vc_cta3-content\"><header class=\"vc_cta3-content-header\"><h2 style=\"font-size: 40px;color: #fbba07;font-family:Roboto;font-weight:900;font-style:normal\" class=\"vc_custom_heading\" >7. Mai 2022<\/h2><h4 style=\"font-size: 40px;color: #000000;line-height: 40px;font-family:Roboto;font-weight:700;font-style:normal\" class=\"vc_custom_heading\" >DAS TIER PFERD UND SEIN VERHALTEN<\/h4><\/header><p style=\"text-align: left;\"><strong><span style=\"font-family: roboto; color: #000000;\">Das Pferd: Erfahren Sie mehr \u00fcber seine Herkunft, seine Besonderheiten, sein Leben und sein Sozialverhalten <\/span><\/strong><\/p>\n<p style=\"text-align: left;\"><span style=\"font-family: roboto; color: #000000;\">Warum sind Pferde so unterschiedlich? Empfinden sie wirklich Gef\u00fchle? Warum wirkt mein Pferd traurig oder ver\u00e4rgert, wenn es andere Pferde anschaut, obwohl es eine 5-Sterne-Box hat? Ich m\u00f6chte mein Pferd in den Ruhestand schicken. Ist es gut f\u00fcr mein Pferd, mit anderen Pferden zusammen zu sein, obwohl es immer in einer Box gehalten wurde?<\/span><\/p>\n<p style=\"text-align: left;\"><span style=\"font-family: roboto; color: #000000;\">Programm: verschiedene Beobachtungen zu einer Gruppe von Ponys &#8211; Theorien mit Zwischenpause<\/span><\/p>\n<p style=\"text-align: left;\"><span style=\"font-family: roboto; color: #000000;\">Kurs unterrichtet von Gilles Thi\u00e9baud<\/span><\/p>\n<p style=\"text-align: left;\"><strong><span style=\"font-family: roboto; color: #000000;\">STUNDENZEIT: 8h-12h<br \/>\n<\/span><\/strong><strong><span style=\"font-family: roboto; color: #000000;\">PREISE: CHF 60.-f\u00fcr den halben Tag<\/span><\/strong><\/p>\n<\/div><div class=\"vc_cta3-actions\"><div class=\"vc_btn3-container vc_btn3-inline\" ><a class=\"vc_general vc_btn3 vc_btn3-size-md vc_btn3-shape-round vc_btn3-style-flat vc_btn3-color-green\" href=\"https:\/\/iena.simplybook.it\/v2\/#book\/category\/21\/service\/135\/count\/1\/provider\/any\/\" title=\"\" target=\"_blank\">Anmeldung<\/a><\/div><\/div><\/div><\/div><\/section><\/div><\/div><\/div><\/div><\/div><div  class=\"vc_row wpb_row vc_row-fluid vc_custom_1638255491547\"><div class=\"full_width\"><div class=\"bottom-img wpb_column vc_column_container vc_col-sm-12\"><div class=\"vc_column-inner\"><div class=\"wpb_wrapper\"><div class=\"vc_empty_space\"   style=\"height: 20px\"><span class=\"vc_empty_space_inner\"><\/span><\/div><\/div><\/div><\/div><\/div><\/div><div  class=\"vc_row wpb_row vc_row-fluid vc_custom_1638255491547\"><div class=\"full_width\"><div class=\"bottom-img wpb_column vc_column_container vc_col-sm-12\"><div class=\"vc_column-inner\"><div class=\"wpb_wrapper\"><div class=\"vc_row wpb_row vc_inner vc_row-fluid\"><div class=\"wpb_column vc_column_container vc_col-sm-1\/5\"><div class=\"vc_column-inner\"><div class=\"wpb_wrapper\"><\/div><\/div><\/div><div class=\"wpb_column vc_column_container vc_col-sm-1\/5\"><div class=\"vc_column-inner\"><div class=\"wpb_wrapper\">\n\t<div class=\"wpb_single_image wpb_content_element vc_align_left\">\n\t\t<div class=\"wpb_wrapper\">\n\t\t\t\n\t\t\t<a  href=\"https:\/\/www.facebook.com\/iena.avenches\" target=\"_blank\" ><div class=\"vc_single_image-wrapper   vc_box_border_grey\"><img width=\"2400\" height=\"251\" src=\"https:\/\/translate.iena.ch\/wp-content\/uploads\/2020\/10\/facebook.png\" class=\"vc_single_image-img attachment-full\" alt=\"\" loading=\"lazy\" title=\"facebook\" srcset=\"https:\/\/translate.iena.ch\/wp-content\/uploads\/2020\/10\/facebook.png 2400w, https:\/\/translate.iena.ch\/wp-content\/uploads\/2020\/10\/facebook-300x31.png 300w, https:\/\/translate.iena.ch\/wp-content\/uploads\/2020\/10\/facebook-1024x107.png 1024w, https:\/\/translate.iena.ch\/wp-content\/uploads\/2020\/10\/facebook-768x80.png 768w, https:\/\/translate.iena.ch\/wp-content\/uploads\/2020\/10\/facebook-1536x161.png 1536w, https:\/\/translate.iena.ch\/wp-content\/uploads\/2020\/10\/facebook-2048x214.png 2048w, https:\/\/translate.iena.ch\/wp-content\/uploads\/2020\/10\/facebook-200x21.png 200w\" sizes=\"(max-width: 2400px) 100vw, 2400px\" \/><\/div><\/a>\n\t\t<\/div>\n\t<\/div>\n<\/div><\/div><\/div><div class=\"wpb_column vc_column_container vc_col-sm-1\/5\"><div class=\"vc_column-inner\"><div class=\"wpb_wrapper\">\n\t<div class=\"wpb_single_image wpb_content_element vc_align_left\">\n\t\t<div class=\"wpb_wrapper\">\n\t\t\t\n\t\t\t<a  href=\"https:\/\/www.instagram.com\/iena.avenches\/\" target=\"_blank\" ><div class=\"vc_single_image-wrapper   vc_box_border_grey\"><img width=\"2400\" height=\"251\" src=\"https:\/\/translate.iena.ch\/wp-content\/uploads\/2020\/10\/instagram.png\" class=\"vc_single_image-img attachment-full\" alt=\"\" loading=\"lazy\" title=\"instagram\" srcset=\"https:\/\/translate.iena.ch\/wp-content\/uploads\/2020\/10\/instagram.png 2400w, https:\/\/translate.iena.ch\/wp-content\/uploads\/2020\/10\/instagram-300x31.png 300w, https:\/\/translate.iena.ch\/wp-content\/uploads\/2020\/10\/instagram-1024x107.png 1024w, https:\/\/translate.iena.ch\/wp-content\/uploads\/2020\/10\/instagram-768x80.png 768w, https:\/\/translate.iena.ch\/wp-content\/uploads\/2020\/10\/instagram-1536x161.png 1536w, https:\/\/translate.iena.ch\/wp-content\/uploads\/2020\/10\/instagram-2048x214.png 2048w, https:\/\/translate.iena.ch\/wp-content\/uploads\/2020\/10\/instagram-200x21.png 200w\" sizes=\"(max-width: 2400px) 100vw, 2400px\" \/><\/div><\/a>\n\t\t<\/div>\n\t<\/div>\n<\/div><\/div><\/div><div class=\"wpb_column vc_column_container vc_col-sm-1\/5\"><div class=\"vc_column-inner\"><div class=\"wpb_wrapper\">\n\t<div class=\"wpb_single_image wpb_content_element vc_align_left\">\n\t\t<div class=\"wpb_wrapper\">\n\t\t\t\n\t\t\t<a  href=\"https:\/\/www.youtube.com\/channel\/UCit0EqNyPG428G-_bRdpq6g\" target=\"_blank\" ><div class=\"vc_single_image-wrapper   vc_box_border_grey\"><img width=\"2400\" height=\"251\" src=\"https:\/\/translate.iena.ch\/wp-content\/uploads\/2020\/10\/youtube.png\" class=\"vc_single_image-img attachment-full\" alt=\"\" loading=\"lazy\" title=\"youtube\" srcset=\"https:\/\/translate.iena.ch\/wp-content\/uploads\/2020\/10\/youtube.png 2400w, https:\/\/translate.iena.ch\/wp-content\/uploads\/2020\/10\/youtube-300x31.png 300w, https:\/\/translate.iena.ch\/wp-content\/uploads\/2020\/10\/youtube-1024x107.png 1024w, https:\/\/translate.iena.ch\/wp-content\/uploads\/2020\/10\/youtube-768x80.png 768w, https:\/\/translate.iena.ch\/wp-content\/uploads\/2020\/10\/youtube-1536x161.png 1536w, https:\/\/translate.iena.ch\/wp-content\/uploads\/2020\/10\/youtube-2048x214.png 2048w, https:\/\/translate.iena.ch\/wp-content\/uploads\/2020\/10\/youtube-200x21.png 200w\" sizes=\"(max-width: 2400px) 100vw, 2400px\" \/><\/div><\/a>\n\t\t<\/div>\n\t<\/div>\n<\/div><\/div><\/div><div class=\"wpb_column vc_column_container vc_col-sm-1\/5\"><div class=\"vc_column-inner\"><div class=\"wpb_wrapper\"><\/div><\/div><\/div><\/div><\/div><\/div><\/div><\/div><\/div><div  class=\"vc_row wpb_row vc_row-fluid vc_custom_1638255491547\"><div class=\"full_width\"><div class=\"bottom-img wpb_column vc_column_container vc_col-sm-12\"><div class=\"vc_column-inner\"><div class=\"wpb_wrapper\"><div class=\"vc_empty_space\"   style=\"height: 20px\"><span class=\"vc_empty_space_inner\"><\/span><\/div><\/div><\/div><\/div><\/div><\/div>","protected":false},"excerpt":{"rendered":"COURS EN FRAN\u00c7AISERWACHSENENBILDUNGSie besch\u00e4ftigen sich mit Pferden und m\u00f6chten Ihr Wissen erweitern, um Ihre Beziehung zu ihnen zu verbessern? M\u00f6chten Sie wissen, welche Bed\u00fcrfnisse Pferde haben und wie Sie diese am besten befriedigen k\u00f6nnen, um ihr Wohlbefinden zu gew\u00e4hrleisten? Reiter, Z\u00fcchter oder einfach nur \"leidenschaftliche\" Pferdeliebhaber. Alle Personen, die sich f\u00fcr das Wohlbefinden von Pferden interessieren, sind eingeladen, diese Kurse zu besuchen, deren Themen von einer Gruppe anerkannter Spezialisten aus Bereichen wie Ethologie und Veterin\u00e4rmedizin konzipiert wurden. Die Kurse der IENA ACADEMY bieten solide Referenzen, um Ihr Verhalten an die Bed\u00fcrfnisse der Pferde anzupassen. Die Kurse finden im IENA in &hellip; <a href=\"https:\/\/translate.iena.ch\/de\/academy\/academy-cours-adultes-de\/\">Lire la suite<\/a>","protected":false},"author":19,"featured_media":23166,"parent":6853,"menu_order":0,"comment_status":"closed","ping_status":"closed","template":"page-fullwidth.php","meta":[],"acf":[],"_links":{"self":[{"href":"https:\/\/translate.iena.ch\/de\/wp-json\/wp\/v2\/pages\/39413"}],"collection":[{"href":"https:\/\/translate.iena.ch\/de\/wp-json\/wp\/v2\/pages"}],"about":[{"href":"https:\/\/translate.iena.ch\/de\/wp-json\/wp\/v2\/types\/page"}],"author":[{"embeddable":true,"href":"https:\/\/translate.iena.ch\/de\/wp-json\/wp\/v2\/users\/19"}],"replies":[{"embeddable":true,"href":"https:\/\/translate.iena.ch\/de\/wp-json\/wp\/v2\/comments?post=39413"}],"version-history":[{"count":15,"href":"https:\/\/translate.iena.ch\/de\/wp-json\/wp\/v2\/pages\/39413\/revisions"}],"predecessor-version":[{"id":41429,"href":"https:\/\/translate.iena.ch\/de\/wp-json\/wp\/v2\/pages\/39413\/revisions\/41429"}],"up":[{"embeddable":true,"href":"https:\/\/translate.iena.ch\/de\/wp-json\/wp\/v2\/pages\/6853"}],"wp:featuredmedia":[{"embeddable":true,"href":"https:\/\/translate.iena.ch\/de\/wp-json\/wp\/v2\/media\/23166"}],"wp:attachment":[{"href":"https:\/\/translate.iena.ch\/de\/wp-json\/wp\/v2\/media?parent=39413"}],"curies":[{"name":"wp","href":"https:\/\/api.w.org\/{rel}","templated":true}]}}