{"id":40257,"date":"2022-02-11T09:56:06","date_gmt":"2022-02-11T08:56:06","guid":{"rendered":"https:\/\/translate.iena.ch\/?page_id=40257"},"modified":"2022-09-16T10:55:26","modified_gmt":"2022-09-16T08:55:26","slug":"academy-de","status":"publish","type":"page","link":"https:\/\/translate.iena.ch\/de\/academy-de\/","title":{"rendered":"Academy &#8211; DE"},"content":{"rendered":"<div  class=\"vc_row wpb_row vc_row-fluid vc_custom_1573487168843\"><div class=\"vc_container\"><div class=\"wpb_column vc_column_container vc_col-sm-12\"><div class=\"vc_column-inner\"><div class=\"wpb_wrapper\"><div class=\"vc_empty_space\"   style=\"height: 50px\"><span class=\"vc_empty_space_inner\"><\/span><\/div><\/div><\/div><\/div><\/div><\/div><div  class=\"vc_row wpb_row vc_row-fluid vc_custom_1573487168843\"><div class=\"vc_container\"><div class=\"wpb_column vc_column_container vc_col-sm-12\"><div class=\"vc_column-inner\"><div class=\"wpb_wrapper\"><h1 style=\"color: #124734;text-align: center;font-family:Roboto;font-weight:900;font-style:normal\" class=\"vc_custom_heading\" >IENA Academy<\/h1><h3 style=\"color: #124734;text-align: center;font-family:Roboto;font-weight:500;font-style:normal\" class=\"vc_custom_heading\" >Ein einzigartiger und innovativer Lernort, der f\u00fcr alle zug\u00e4nglich ist<\/h3><\/div><\/div><\/div><\/div><\/div><div  class=\"vc_row wpb_row vc_row-fluid vc_custom_1572450444374\"><div class=\"vc_container\"><div class=\"wpb_column vc_column_container vc_col-sm-12\"><div class=\"vc_column-inner\"><div class=\"wpb_wrapper\"><div class=\"vc_empty_space\"   style=\"height: 20px\"><span class=\"vc_empty_space_inner\"><\/span><\/div>\n\t<div class=\"wpb_text_column wpb_content_element\" >\n\t\t<div class=\"wpb_wrapper\">\n\t\t\t<p style=\"text-align: center;\"><span style=\"font-family: roboto; color: #000000;\">F\u00fcr viele Personen, die reiten, ist der sportliche Aspekt allein nicht ausreichend. Sie m\u00f6chten auch eine vertrauensvolle Beziehung zu ihrem Pferd aufbauen und daf\u00fcr sorgen, dass es gesund ist und sich wohlf\u00fchlt. Oft wissen sie jedoch nicht, wie sie das anstellen sollen. Das Projekt IENA Academy wurde ins Leben gerufen, um die Fragen dieser begeisterte Menschen zu beantworten und ihnen die M\u00f6glichkeit zu geben, ihr Wissen zu erweitern.<\/span><\/p>\n\n\t\t<\/div>\n\t<\/div>\n<div class=\"vc_empty_space\"   style=\"height: 30px\"><span class=\"vc_empty_space_inner\"><\/span><\/div><h4 style=\"color: #124734;text-align: center;font-family:Roboto;font-weight:500;font-style:normal\" class=\"vc_custom_heading\" >Die IENA Academy hat einen gemeinn\u00fctzigen Zweck und wird von einer grossen philanthropischen Stiftung finanziell unterst\u00fctzt, sodass die Kosten f\u00fcr den Betrieb der IENA Academy nicht vollst\u00e4ndig auf die Kursgeb\u00fchren umgelegt werden m\u00fcssen. Auf diese Weise k\u00f6nnen die Kurse zu einem attraktiven Preis angeboten werden.<\/h4><div class=\"vc_empty_space\"   style=\"height: 30px\"><span class=\"vc_empty_space_inner\"><\/span><\/div><\/div><\/div><\/div><\/div><\/div><div  class=\"vc_row wpb_row vc_row-fluid vc_row-o-equal-height vc_row-flex\"><div class=\"full_width\"><div class=\"wpb_column vc_column_container vc_col-sm-4 vc_col-has-fill\"><div class=\"vc_column-inner vc_custom_1663318107852\"><div class=\"wpb_wrapper\"><div class=\"vc_row wpb_row vc_inner vc_row-fluid\"><div class=\"wpb_column vc_column_container vc_col-sm-12\"><div class=\"vc_column-inner\"><div class=\"wpb_wrapper\"><section class=\"vc_cta3-container\"><div class=\"vc_general vc_cta3 vc_cta3-style-custom vc_cta3-shape-square vc_cta3-align-left vc_cta3-icon-size-md vc_cta3-actions-bottom vc_custom_1663318205332\" style=\"background-color:#124734;\"><div class=\"vc_cta3_content-container\"><div class=\"vc_cta3-content\"><header class=\"vc_cta3-content-header\"><h2 style=\"font-size: 40px;color: #ffffff;text-align: left;font-family:Roboto;font-weight:700;font-style:normal\" class=\"vc_custom_heading\" >PFERDEENTDECKERTAGE<\/h2><\/header><h4><span style=\"color: #ffffff;\">Unvergessliche Tage, an denen du lernst, mit Ponys zu kommunizieren und dich zu verhalten, indem du sie beobachtest und viel \u00fcber ihr Leben lernst<\/span><\/h4>\n<\/div><div class=\"vc_cta3-actions\"><div class=\"vc_btn3-container vc_btn3-inline\" ><a style=\"background-color:#b4cc04; color:#124734;\" class=\"vc_general vc_btn3 vc_btn3-size-md vc_btn3-shape-round vc_btn3-style-custom\" href=\"https:\/\/translate.iena.ch\/de\/academy\/offre-vacances-de\/\" title=\"\">Entdecke die Tage<\/a><\/div><\/div><\/div><\/div><\/section><\/div><\/div><\/div><\/div><\/div><\/div><\/div><div class=\"wpb_column vc_column_container vc_col-sm-4 vc_col-has-fill\"><div class=\"vc_column-inner vc_custom_1644570304730\"><div class=\"wpb_wrapper\"><div class=\"vc_row wpb_row vc_inner vc_row-fluid\"><div class=\"wpb_column vc_column_container vc_col-sm-12\"><div class=\"vc_column-inner\"><div class=\"wpb_wrapper\"><section class=\"vc_cta3-container\"><div class=\"vc_general vc_cta3 vc_cta3-style-custom vc_cta3-shape-square vc_cta3-align-left vc_cta3-icon-size-md vc_cta3-actions-bottom vc_custom_1663318398858\" style=\"background-color:#f2ebd5;\"><div class=\"vc_cta3_content-container\"><div class=\"vc_cta3-content\"><header class=\"vc_cta3-content-header\"><h2 style=\"font-size: 40px;color: #000000;text-align: left;font-family:Roboto;font-weight:700;font-style:normal\" class=\"vc_custom_heading\" >ERWACHSENENBILDUNG<\/h2><\/header><h4><span style=\"color: #000000;\">Sie besch\u00e4ftigen sich mit Pferden und m\u00f6chten Ihr Wissen erweitern, um Ihre Beziehung zu ihnen zu verbessern? M\u00f6chten Sie wissen, welche Bed\u00fcrfnisse Pferde haben und wie Sie diese am besten befriedigen k\u00f6nnen, um ihr Wohlbefinden zu gew\u00e4hrleisten?<\/span><\/h4>\n<\/div><div class=\"vc_cta3-actions\"><div class=\"vc_btn3-container vc_btn3-inline\" ><a style=\"background-color:#b4cc04; color:#124734;\" class=\"vc_general vc_btn3 vc_btn3-size-md vc_btn3-shape-round vc_btn3-style-custom\" href=\"https:\/\/translate.iena.ch\/de\/academy\/academy-cours-adultes-de\/\" title=\"\">Mehr+<\/a><\/div><\/div><\/div><\/div><\/section><\/div><\/div><\/div><\/div><\/div><\/div><\/div><div class=\"wpb_column vc_column_container vc_col-sm-4 vc_col-has-fill\"><div class=\"vc_column-inner vc_custom_1663318149035\"><div class=\"wpb_wrapper\"><div class=\"vc_row wpb_row vc_inner vc_row-fluid\"><div class=\"wpb_column vc_column_container vc_col-sm-12\"><div class=\"vc_column-inner\"><div class=\"wpb_wrapper\"><section class=\"vc_cta3-container\"><div class=\"vc_general vc_cta3 vc_cta3-style-custom vc_cta3-shape-square vc_cta3-align-left vc_cta3-icon-size-md vc_cta3-actions-bottom vc_custom_1663318174170\" style=\"background-color:#124734;\"><div class=\"vc_cta3_content-container\"><div class=\"vc_cta3-content\"><header class=\"vc_cta3-content-header\"><h2 style=\"font-size: 40px;color: #ffffff;text-align: left;font-family:Roboto;font-weight:700;font-style:normal\" class=\"vc_custom_heading\" >KONFERENZ<\/h2><\/header><h4><span style=\"color: #ffffff;\">Einen Tag lang k\u00f6nnen Sie an Vortr\u00e4gen und praktischen Vorf\u00fchrungen teilnehmen, mit Fachleuten aus der Pferdewelt (Tier\u00e4rzten, Ethologen, Hufschmieden, Berufsreitern und -fahrern usw.) sprechen und sich von ihnen beraten lassen.<\/span><\/h4>\n<\/div><div class=\"vc_cta3-actions\"><div class=\"vc_btn3-container vc_btn3-inline\" ><a style=\"background-color:#b4cc04; color:#124734;\" class=\"vc_general vc_btn3 vc_btn3-size-md vc_btn3-shape-round vc_btn3-style-custom\" href=\"https:\/\/translate.iena.ch\/de\/academy\/konferenz\/\" title=\"\">Konferenz 2022<\/a><\/div><\/div><\/div><\/div><\/section><\/div><\/div><\/div><\/div><\/div><\/div><\/div><\/div><\/div><div  class=\"vc_row wpb_row vc_row-fluid vc_custom_1639126339841\"><div class=\"full_width\"><div class=\"bottom-img wpb_column vc_column_container vc_col-sm-12\"><div class=\"vc_column-inner\"><div class=\"wpb_wrapper\"><div class=\"vc_empty_space\"   style=\"height: 20px\"><span class=\"vc_empty_space_inner\"><\/span><\/div><\/div><\/div><\/div><\/div><\/div><div  class=\"vc_row wpb_row vc_row-fluid vc_custom_1639126339841\"><div class=\"full_width\"><div class=\"bottom-img wpb_column vc_column_container vc_col-sm-1\/5\"><div class=\"vc_column-inner\"><div class=\"wpb_wrapper\"><\/div><\/div><\/div><div class=\"wpb_column vc_column_container vc_col-sm-1\/5\"><div class=\"vc_column-inner\"><div class=\"wpb_wrapper\">\n\t<div class=\"wpb_single_image wpb_content_element vc_align_left\">\n\t\t<div class=\"wpb_wrapper\">\n\t\t\t\n\t\t\t<a  href=\"https:\/\/www.facebook.com\/iena.avenches\" target=\"_blank\" ><div class=\"vc_single_image-wrapper   vc_box_border_grey\"><img width=\"2400\" height=\"251\" src=\"https:\/\/translate.iena.ch\/wp-content\/uploads\/2020\/10\/facebook.png\" class=\"vc_single_image-img attachment-full\" alt=\"\" loading=\"lazy\" title=\"facebook\" srcset=\"https:\/\/translate.iena.ch\/wp-content\/uploads\/2020\/10\/facebook.png 2400w, https:\/\/translate.iena.ch\/wp-content\/uploads\/2020\/10\/facebook-300x31.png 300w, https:\/\/translate.iena.ch\/wp-content\/uploads\/2020\/10\/facebook-1024x107.png 1024w, https:\/\/translate.iena.ch\/wp-content\/uploads\/2020\/10\/facebook-768x80.png 768w, https:\/\/translate.iena.ch\/wp-content\/uploads\/2020\/10\/facebook-1536x161.png 1536w, https:\/\/translate.iena.ch\/wp-content\/uploads\/2020\/10\/facebook-2048x214.png 2048w, https:\/\/translate.iena.ch\/wp-content\/uploads\/2020\/10\/facebook-200x21.png 200w\" sizes=\"(max-width: 2400px) 100vw, 2400px\" \/><\/div><\/a>\n\t\t<\/div>\n\t<\/div>\n<\/div><\/div><\/div><div class=\"wpb_column vc_column_container vc_col-sm-1\/5\"><div class=\"vc_column-inner\"><div class=\"wpb_wrapper\">\n\t<div class=\"wpb_single_image wpb_content_element vc_align_left\">\n\t\t<div class=\"wpb_wrapper\">\n\t\t\t\n\t\t\t<a  href=\"https:\/\/www.instagram.com\/iena.avenches\/?hl=fr\" target=\"_blank\" ><div class=\"vc_single_image-wrapper   vc_box_border_grey\"><img width=\"2400\" height=\"251\" src=\"https:\/\/translate.iena.ch\/wp-content\/uploads\/2020\/10\/instagram.png\" class=\"vc_single_image-img attachment-full\" alt=\"\" loading=\"lazy\" title=\"instagram\" srcset=\"https:\/\/translate.iena.ch\/wp-content\/uploads\/2020\/10\/instagram.png 2400w, https:\/\/translate.iena.ch\/wp-content\/uploads\/2020\/10\/instagram-300x31.png 300w, https:\/\/translate.iena.ch\/wp-content\/uploads\/2020\/10\/instagram-1024x107.png 1024w, https:\/\/translate.iena.ch\/wp-content\/uploads\/2020\/10\/instagram-768x80.png 768w, https:\/\/translate.iena.ch\/wp-content\/uploads\/2020\/10\/instagram-1536x161.png 1536w, https:\/\/translate.iena.ch\/wp-content\/uploads\/2020\/10\/instagram-2048x214.png 2048w, https:\/\/translate.iena.ch\/wp-content\/uploads\/2020\/10\/instagram-200x21.png 200w\" sizes=\"(max-width: 2400px) 100vw, 2400px\" \/><\/div><\/a>\n\t\t<\/div>\n\t<\/div>\n<\/div><\/div><\/div><div class=\"wpb_column vc_column_container vc_col-sm-1\/5\"><div class=\"vc_column-inner\"><div class=\"wpb_wrapper\">\n\t<div class=\"wpb_single_image wpb_content_element vc_align_left\">\n\t\t<div class=\"wpb_wrapper\">\n\t\t\t\n\t\t\t<a  href=\"https:\/\/www.youtube.com\/channel\/UCit0EqNyPG428G-_bRdpq6g\" target=\"_blank\" ><div class=\"vc_single_image-wrapper   vc_box_border_grey\"><img width=\"2400\" height=\"251\" src=\"https:\/\/translate.iena.ch\/wp-content\/uploads\/2020\/10\/youtube.png\" class=\"vc_single_image-img attachment-full\" alt=\"\" loading=\"lazy\" title=\"youtube\" srcset=\"https:\/\/translate.iena.ch\/wp-content\/uploads\/2020\/10\/youtube.png 2400w, https:\/\/translate.iena.ch\/wp-content\/uploads\/2020\/10\/youtube-300x31.png 300w, https:\/\/translate.iena.ch\/wp-content\/uploads\/2020\/10\/youtube-1024x107.png 1024w, https:\/\/translate.iena.ch\/wp-content\/uploads\/2020\/10\/youtube-768x80.png 768w, https:\/\/translate.iena.ch\/wp-content\/uploads\/2020\/10\/youtube-1536x161.png 1536w, https:\/\/translate.iena.ch\/wp-content\/uploads\/2020\/10\/youtube-2048x214.png 2048w, https:\/\/translate.iena.ch\/wp-content\/uploads\/2020\/10\/youtube-200x21.png 200w\" sizes=\"(max-width: 2400px) 100vw, 2400px\" \/><\/div><\/a>\n\t\t<\/div>\n\t<\/div>\n<\/div><\/div><\/div><div class=\"wpb_column vc_column_container vc_col-sm-1\/5\"><div class=\"vc_column-inner\"><div class=\"wpb_wrapper\"><\/div><\/div><\/div><\/div><\/div><div  class=\"vc_row wpb_row vc_row-fluid vc_custom_1639126339841\"><div class=\"full_width\"><div class=\"bottom-img wpb_column vc_column_container vc_col-sm-12\"><div class=\"vc_column-inner\"><div class=\"wpb_wrapper\"><div class=\"vc_empty_space\"   style=\"height: 20px\"><span class=\"vc_empty_space_inner\"><\/span><\/div><\/div><\/div><\/div><\/div><\/div>","protected":false},"excerpt":{"rendered":"IENA AcademyEin einzigartiger und innovativer Lernort, der f\u00fcr alle zug\u00e4nglich ist F\u00fcr viele Personen, die reiten, ist der sportliche Aspekt allein nicht ausreichend. Sie m\u00f6chten auch eine vertrauensvolle Beziehung zu ihrem Pferd aufbauen und daf\u00fcr sorgen, dass es gesund ist und sich wohlf\u00fchlt. Oft wissen sie jedoch nicht, wie sie das anstellen sollen. Das Projekt IENA Academy wurde ins Leben gerufen, um die Fragen dieser begeisterte Menschen zu beantworten und ihnen die M\u00f6glichkeit zu geben, ihr Wissen zu erweitern. Die IENA Academy hat einen gemeinn\u00fctzigen Zweck und wird von einer grossen philanthropischen Stiftung finanziell unterst\u00fctzt, sodass die Kosten f\u00fcr den &hellip; <a href=\"https:\/\/translate.iena.ch\/de\/academy-de\/\">Lire la suite<\/a>","protected":false},"author":18,"featured_media":0,"parent":0,"menu_order":0,"comment_status":"closed","ping_status":"closed","template":"page-fullwidth.php","meta":[],"acf":[],"_links":{"self":[{"href":"https:\/\/translate.iena.ch\/de\/wp-json\/wp\/v2\/pages\/40257"}],"collection":[{"href":"https:\/\/translate.iena.ch\/de\/wp-json\/wp\/v2\/pages"}],"about":[{"href":"https:\/\/translate.iena.ch\/de\/wp-json\/wp\/v2\/types\/page"}],"author":[{"embeddable":true,"href":"https:\/\/translate.iena.ch\/de\/wp-json\/wp\/v2\/users\/18"}],"replies":[{"embeddable":true,"href":"https:\/\/translate.iena.ch\/de\/wp-json\/wp\/v2\/comments?post=40257"}],"version-history":[{"count":14,"href":"https:\/\/translate.iena.ch\/de\/wp-json\/wp\/v2\/pages\/40257\/revisions"}],"predecessor-version":[{"id":43184,"href":"https:\/\/translate.iena.ch\/de\/wp-json\/wp\/v2\/pages\/40257\/revisions\/43184"}],"wp:attachment":[{"href":"https:\/\/translate.iena.ch\/de\/wp-json\/wp\/v2\/media?parent=40257"}],"curies":[{"name":"wp","href":"https:\/\/api.w.org\/{rel}","templated":true}]}}