{"id":6068,"date":"2019-05-23T08:46:42","date_gmt":"2019-05-23T06:46:42","guid":{"rendered":"https:\/\/translate.iena.ch\/?page_id=6068"},"modified":"2022-05-24T09:41:57","modified_gmt":"2022-05-24T07:41:57","slug":"centre-dentrainement","status":"publish","type":"page","link":"https:\/\/translate.iena.ch\/de\/centre-dentrainement\/","title":{"rendered":"Centre d&#8217;entra\u00eenement"},"content":{"rendered":"<div  class=\"par_moko\"><div class=\"parallax\" data-velocity=\"-.5\" style=\" background-image: url(); ;\"><div class=\"vc_container\"><div class=\"wpb_column vc_column_container vc_col-sm-12\"><div class=\"vc_column-inner\"><div class=\"wpb_wrapper\"><div class=\"vc_empty_space\"   style=\"height: 50px\"><span class=\"vc_empty_space_inner\"><\/span><\/div><h1 style=\"font-size: 50px;color: #fdbf2d;line-height: 50px;text-align: center\" class=\"vc_custom_heading text space\" >Centre d'entra\u00eenement<\/h1><div class=\"vc_empty_space\"   style=\"height: 50px\"><span class=\"vc_empty_space_inner\"><\/span><\/div>\n\t<div class=\"wpb_text_column wpb_content_element\" >\n\t\t<div class=\"wpb_wrapper\">\n\t\t\t<p style=\"text-align: center;\"><span style=\"font-family: roboto;\">Avec ses infrastructures de qualit\u00e9 r\u00e9parties sur 142 hectares, l\u2019IENA offre des opportunit\u00e9s uniques pour l\u2019entra\u00eenement des chevaux et la pratique de toutes les disciplines \u00e9questres. Que vous souhaitiez louer une \u00e9curie, organiser un stage ou juste profiter des installations de l\u2019IENA pour une journ\u00e9e ou plus, nos propositions sont diversifi\u00e9es. Contactez-nous d\u00e8s maintenant pour obtenir une offre!<\/span><\/p>\n\n\t\t<\/div>\n\t<\/div>\n<div class=\"vc_empty_space\"   style=\"height: 20px\"><span class=\"vc_empty_space_inner\"><\/span><\/div><h3 style=\"color: #000000;text-align: center;font-family:Roboto;font-weight:700;font-style:normal\" class=\"vc_custom_heading\" >Vous aimeriez utiliser les infrastructures de IENA pour vous entrainer?<br \/>\nSuivez les \u00e9tapes ci-dessous!<\/h3><div class=\"vc_empty_space\"   style=\"height: 100px\"><span class=\"vc_empty_space_inner\"><\/span><\/div><\/div><\/div><\/div><\/div><\/div><\/div><div  class=\"vc_row wpb_row vc_row-fluid vc_custom_1639125095648\"><div class=\"full_width\"><div class=\"wpb_column vc_column_container vc_col-sm-12\"><div class=\"vc_column-inner\"><div class=\"wpb_wrapper\"><div class=\"vc_row wpb_row vc_inner vc_row-fluid vc_row-o-equal-height vc_row-flex\"><div class=\"wpb_column vc_column_container vc_col-sm-6 vc_col-has-fill\"><div class=\"vc_column-inner vc_custom_1646657723553\"><div class=\"wpb_wrapper\"><div class=\"vc_empty_space\"   style=\"height: 30px\"><span class=\"vc_empty_space_inner\"><\/span><\/div><section class=\"vc_cta3-container\"><div class=\"vc_general vc_cta3 vc_cta3-style-flat vc_cta3-shape-square vc_cta3-align-left vc_cta3-color-green vc_cta3-icon-size-md vc_custom_1653377232479\"><div class=\"vc_cta3_content-container\"><div class=\"vc_cta3-content\"><header class=\"vc_cta3-content-header\"><h2 style=\"font-size: 40px;color: #ffffff;text-align: left;font-family:Roboto;font-weight:900;font-style:normal\" class=\"vc_custom_heading\" >\u00c9TAPE 1 - R\u00c9SERVATION<\/h2><\/header><p style=\"text-align: left;\"><span style=\"color: #ffffff;\"><span style=\"font-family: roboto;\">Remplir le formulaire ci-dessous ou appelez au<\/span><span style=\"font-family: roboto;\"> 026 676 76 76 <\/span><\/span><\/p>\n<p style=\"text-align: left;\"><span style=\"color: #ffffff;\"><span style=\"font-family: roboto;\"><strong>POUR \u00caTRE VALABLE, LA R\u00c9SERVATION DOIT \u00caTRE CONFIRM\u00c9E PAR LE SECR\u00c9TARIAT<\/strong><br \/>\nLe secr\u00e9tariat traite les demandes de r\u00e9servation du:<br \/>\n<\/span><span style=\"font-family: roboto;\">LU au JE\u00a0 8.30 &#8211; 12.00 | 14.00 &#8211; 17.00<br \/>\n<\/span><span style=\"font-family: roboto;\">VE 8.30 &#8211; 12.00<br \/>\n<\/span><span style=\"font-family: roboto;\"><strong>Dernier d\u00e9lai pour les r\u00e9servations du week-end: vendredi 12.00<br \/>\n<\/strong> <\/span><\/span><\/p>\n<\/div><\/div><\/div><\/section><section class=\"vc_cta3-container\"><div class=\"vc_general vc_cta3 vc_cta3-style-flat vc_cta3-shape-square vc_cta3-align-left vc_cta3-color-green vc_cta3-icon-size-md vc_cta3-actions-bottom vc_custom_1653377282070\"><div class=\"vc_cta3_content-container\"><div class=\"vc_cta3-content\"><header class=\"vc_cta3-content-header\"><h2 style=\"font-size: 40px;color: #ffffff;text-align: left;font-family:Roboto;font-weight:900;font-style:normal\" class=\"vc_custom_heading\" >\u00c9TAPE 2 - PAIEMENT<\/h2><\/header><p style=\"text-align: left;\"><span style=\"color: #ffffff;\"><span style=\"font-family: roboto;\">dans les 48h suivant la confirmation par virement bancaire ou bon d\u2019utilisation<br \/>\n<\/span><span style=\"font-family: roboto;\">Les coordonn\u00e9es bancaires vous seront communiqu\u00e9es lors de la confirmation de r\u00e9servation<br \/>\n<\/span><span style=\"font-family: roboto;\">Pas de paiement ni d&#8217;achat de bons au restaurant <\/span><\/span><\/p>\n<p style=\"text-align: left;\"><span style=\"font-family: roboto; color: #ffffff;\">Pour que tout le monde ait du plaisir sur nos belles infrastructures \u00e0 IENA, merci de respecter le processus de r\u00e9servation ci-dessus.<br \/>\nDes contr\u00f4les al\u00e9atoires seront effectu\u00e9s.<\/span><\/p>\n<\/div><div class=\"vc_cta3-actions\"><div class=\"vc_btn3-container vc_btn3-inline\" ><a class=\"vc_general vc_btn3 vc_btn3-size-md vc_btn3-shape-round vc_btn3-style-outline vc_btn3-color-white\" href=\"https:\/\/translate.iena.ch\/de\/formulaire-reservation-infrastructures\/\" title=\"\" target=\"_blank\">Formulaire de r\u00e9servation<\/a><\/div><\/div><\/div><\/div><\/section><\/div><\/div><\/div><div class=\"wpb_column vc_column_container vc_col-sm-6 vc_col-has-fill\"><div class=\"vc_column-inner vc_custom_1653377149813\"><div class=\"wpb_wrapper\">\n\t<div class=\"wpb_single_image wpb_content_element vc_align_left  vc_custom_1652254990090\">\n\t\t<div class=\"wpb_wrapper\">\n\t\t\t\n\t\t\t<div class=\"vc_single_image-wrapper   vc_box_border_grey\"><img width=\"2560\" height=\"1707\" src=\"https:\/\/translate.iena.ch\/wp-content\/uploads\/2022\/05\/Grand-paddock1-scaled.jpg\" class=\"vc_single_image-img attachment-full\" alt=\"\" loading=\"lazy\" title=\"Grand paddock1\" srcset=\"https:\/\/translate.iena.ch\/wp-content\/uploads\/2022\/05\/Grand-paddock1-scaled.jpg 2560w, https:\/\/translate.iena.ch\/wp-content\/uploads\/2022\/05\/Grand-paddock1-300x200.jpg 300w, https:\/\/translate.iena.ch\/wp-content\/uploads\/2022\/05\/Grand-paddock1-1024x683.jpg 1024w, https:\/\/translate.iena.ch\/wp-content\/uploads\/2022\/05\/Grand-paddock1-768x512.jpg 768w, https:\/\/translate.iena.ch\/wp-content\/uploads\/2022\/05\/Grand-paddock1-391x260.jpg 391w, https:\/\/translate.iena.ch\/wp-content\/uploads\/2022\/05\/Grand-paddock1-1536x1024.jpg 1536w, https:\/\/translate.iena.ch\/wp-content\/uploads\/2022\/05\/Grand-paddock1-2048x1365.jpg 2048w, https:\/\/translate.iena.ch\/wp-content\/uploads\/2022\/05\/Grand-paddock1-200x133.jpg 200w, https:\/\/translate.iena.ch\/wp-content\/uploads\/2022\/05\/Grand-paddock1-640x426.jpg 640w\" sizes=\"(max-width: 2560px) 100vw, 2560px\" \/><\/div>\n\t\t<\/div>\n\t<\/div>\n<\/div><\/div><\/div><\/div><\/div><\/div><\/div><\/div><\/div><div  class=\"vc_row wpb_row vc_row-fluid\"><div class=\"full_width\"><div class=\"wpb_column vc_column_container vc_col-sm-12 vc_col-has-fill\"><div class=\"vc_column-inner vc_custom_1646143641353\"><div class=\"wpb_wrapper\"><div class=\"vc_empty_space\"   style=\"height: 30px\"><span class=\"vc_empty_space_inner\"><\/span><\/div><div class=\"vc_row wpb_row vc_inner vc_row-fluid vc_row-o-content-top vc_row-flex\"><div class=\"wpb_column vc_column_container vc_col-sm-6\"><div class=\"vc_column-inner\"><div class=\"wpb_wrapper\"><section class=\"vc_cta3-container\"><div class=\"vc_general vc_cta3 vc_cta3-style-flat vc_cta3-shape-square vc_cta3-align-left vc_cta3-color-white vc_cta3-icon-size-md vc_custom_1653376713482\"><div class=\"vc_cta3_content-container\"><div class=\"vc_cta3-content\"><header class=\"vc_cta3-content-header\"><h2 style=\"font-size: 40px;color: #fbba07;text-align: left;font-family:Roboto;font-weight:900;font-style:normal\" class=\"vc_custom_heading\" >GRAND PADDOCK OUVERT<\/h2><\/header><h3 style=\"text-align: left;\"><span style=\"font-family: roboto; color: #000000;\"><strong>Les mercredis de 8H \u00c0 20H<br \/>\n<\/strong><\/span><span style=\"font-family: roboto; color: #000000;\"><strong>Les vendredis de 13H \u00c0 17H<\/strong><\/span><\/h3>\n<p style=\"text-align: left;\"><span style=\"font-family: roboto; color: #000000;\">Grande rivi\u00e8re<br \/>\n<\/span><span style=\"font-family: roboto; color: #000000;\">\u00c9chauffement sur le petit paddock et parcours sur le grand paddock<br \/>\n<\/span><span style=\"font-family: roboto; color: #000000;\">Arrosage automatique: 12h-12h30<\/span><\/p>\n<p><span style=\"font-family: roboto; color: #000000;\"><span style=\"color: #fbba07;\"><strong>R\u00c9SERVATION OBLIGATOIRE<br \/>\n<\/strong><\/span><\/span><\/p>\n<\/div><\/div><\/div><\/section><section class=\"vc_cta3-container\"><div class=\"vc_general vc_cta3 vc_cta3-style-flat vc_cta3-shape-square vc_cta3-align-left vc_cta3-color-white vc_cta3-icon-size-md\"><div class=\"vc_cta3_content-container\"><div class=\"vc_cta3-content\"><header class=\"vc_cta3-content-header\"><h2 style=\"font-size: 40px;color: #fbba07;text-align: left;font-family:Roboto;font-weight:900;font-style:normal\" class=\"vc_custom_heading\" >GRAND MAN\u00c8GE<\/h2><h2 style=\"font-size: 25px;color: #fbba07;text-align: left;font-family:Roboto;font-weight:500;font-style:normal\" class=\"vc_custom_heading\" >\u00c9CLAIRAGE<\/h2><\/header><p style=\"text-align: left;\"><span style=\"font-family: roboto; color: #000000;\">Le grand man\u00e8ge peut \u00eatre allum\u00e9 <strong>de 5h \u00e0 9h<\/strong> et de<strong> 15h \u00e0 23h <\/strong><\/span><span style=\"font-family: roboto; color: #000000;\">(lorsque le bouton est vert)<br \/>\n<\/span><span style=\"font-family: roboto; color: #000000;\">Merci d&#8217;\u00e9teindre la lumi\u00e8re en sortant du man\u00e8ge lorsque vous avez fini votre entra\u00eenement.<br \/>\n<\/span><span style=\"font-family: roboto; color: #000000;\">Si la lumi\u00e8re vient d&#8217;\u00eatre \u00e9teinte, il est n\u00e9cessaire d&#8217;attendre un moment pour pouvoir allumer \u00e0 nouveau<br \/>\n<\/span><span style=\"color: #000000; font-family: roboto;\">(d\u00e8s que le bouton est vert, c&#8217;est ok pour allumer)<\/span><\/p>\n<\/div><\/div><\/div><\/section><\/div><\/div><\/div><div class=\"wpb_column vc_column_container vc_col-sm-6 vc_col-has-fill\"><div class=\"vc_column-inner vc_custom_1653378057498\"><div class=\"wpb_wrapper\"><section class=\"vc_cta3-container\"><div class=\"vc_general vc_cta3 vc_cta3-style-flat vc_cta3-shape-square vc_cta3-align-left vc_cta3-color-white vc_cta3-icon-size-md vc_cta3-actions-bottom vc_custom_1653378012893\"><div class=\"vc_cta3_content-container\"><div class=\"vc_cta3-content\"><header class=\"vc_cta3-content-header\"><h2 style=\"font-size: 40px;color: #fbba07;text-align: left;font-family:Roboto;font-weight:900;font-style:normal\" class=\"vc_custom_heading\" >TARIFS 2022<\/h2><\/header><p style=\"text-align: left;\"><span style=\"color: #000000;\"><span style=\"font-family: roboto;\"><strong>UTILISATION DES INFRASTRUCTURES<br \/>\n<\/strong><\/span><span style=\"font-family: roboto;\">Paddocks | Carr\u00e9s de dressage | Pistes: *CHF 30.-<br \/>\n<\/span><span style=\"font-family: roboto;\">Military: *CHF 40.-<\/span><\/span><\/p>\n<p><span style=\"font-family: roboto; color: #000000;\">*Prix par cheval pour 1 cours ou 1 entrainement<\/span><\/p>\n<p style=\"text-align: left;\"><span style=\"color: #000000;\"><span style=\"font-family: roboto;\"><strong>LOCATION BOXE DE PASSAGE<br \/>\n<\/strong><\/span><span style=\"font-family: roboto;\">CHF 40.- la journ\u00e9e<br \/>\n<\/span><span style=\"font-family: roboto;\">CHF 70.- la nuit<\/span><\/span><\/p>\n<\/div><div class=\"vc_cta3-actions\"><div class=\"vc_btn3-container vc_btn3-inline\" ><a class=\"vc_general vc_btn3 vc_btn3-size-md vc_btn3-shape-round vc_btn3-style-outline vc_btn3-color-black\" href=\"https:\/\/translate.iena.ch\/de\/formulaire-reservation-infrastructures\/\" title=\"\" target=\"_blank\">Formulaire de r\u00e9servation<\/a><\/div><\/div><\/div><\/div><\/section><section class=\"vc_cta3-container\"><div class=\"vc_general vc_cta3 vc_cta3-style-flat vc_cta3-shape-square vc_cta3-align-left vc_cta3-color-white vc_cta3-icon-size-md vc_custom_1653377621146\"><div class=\"vc_cta3_content-container\"><div class=\"vc_cta3-content\"><header class=\"vc_cta3-content-header\"><h2 style=\"font-size: 40px;color: #000000;text-align: left;font-family:Roboto;font-weight:900;font-style:normal\" class=\"vc_custom_heading\" >INFORMATIONS IMPORTANTES<\/h2><\/header><p style=\"text-align: left;\"><span style=\"font-family: roboto; color: #000000;\">Veuillez prendre connaissance des documents suivants <strong>AVANT<\/strong> de vous rendre sur le site de IENA <\/span><\/p>\n<p><span style=\"font-family: roboto; color: #fe5043;\"><a style=\"color: #fe5043;\" href=\"https:\/\/translate.iena.ch\/wp-content\/uploads\/2022\/01\/conditions-infra-2022-2.pdf\" target=\"_blank\" rel=\"noopener noreferrer\"><strong><span style=\"color: #6dab3c;\">Conditions d&#8217;utilisation.PDF<\/span><\/strong><\/a><\/span><\/p>\n<p style=\"text-align: left;\"><span style=\"font-family: roboto; color: #6dab3c;\"><strong><a style=\"color: #6dab3c;\" href=\"https:\/\/translate.iena.ch\/wp-content\/uploads\/2021\/05\/plan-iena_infrastructures.pdf\" target=\"_blank\" rel=\"noopener noreferrer\">Plan IENA &#8211; zones et acc\u00e8s.PDF<\/a><\/strong><\/span><\/p>\n<p style=\"text-align: left;\"><span style=\"font-family: roboto; color: #6dab3c;\"><strong><a style=\"color: #6dab3c;\" href=\"https:\/\/translate.iena.ch\/wp-content\/uploads\/2021\/05\/Programme-pour-larrosage-automatique-2021.pdf\" target=\"_blank\" rel=\"noopener noreferrer\">Programme arrosage automatique.PDF<\/a><\/strong><\/span><\/p>\n<\/div><\/div><\/div><\/section><div class=\"vc_btn3-container vc_btn3-inline vc_custom_1646657872635\" ><a class=\"vc_general vc_btn3 vc_btn3-size-md vc_btn3-shape-round vc_btn3-style-flat vc_btn3-icon-left vc_btn3-color-green\" href=\"https:\/\/translate.iena.ch\/wp-content\/uploads\/2021\/12\/tarifs-2022.pdf\" title=\"\" target=\"_blank\"><i class=\"vc_btn3-icon fa fa-file-pdf-o\"><\/i> Tarifs 2022<\/a><\/div><div class=\"vc_btn3-container vc_btn3-inline vc_custom_1646657886920\" ><a class=\"vc_general vc_btn3 vc_btn3-size-md vc_btn3-shape-round vc_btn3-style-flat vc_btn3-icon-left vc_btn3-color-green\" href=\"https:\/\/translate.iena.ch\/wp-content\/uploads\/2022\/01\/tarifs-2022_DE.pdf\" title=\"\" target=\"_blank\"><i class=\"vc_btn3-icon fa fa-file-pdf-o\"><\/i> Tarife 2022<\/a><\/div><\/div><\/div><\/div><\/div><div class=\"vc_empty_space\"   style=\"height: 30px\"><span class=\"vc_empty_space_inner\"><\/span><\/div><\/div><\/div><\/div><\/div><\/div><div  class=\"vc_row wpb_row vc_row-fluid bottom-img vc_custom_1639986045739\"><div class=\"full_width\"><div class=\"wpb_column vc_column_container vc_col-sm-12\"><div class=\"vc_column-inner\"><div class=\"wpb_wrapper\"><div class=\"vc_empty_space\"   style=\"height: 20px\"><span class=\"vc_empty_space_inner\"><\/span><\/div><\/div><\/div><\/div><\/div><\/div><div  class=\"vc_row wpb_row vc_row-fluid bottom-img vc_custom_1639986128458\"><div class=\"full_width\"><div class=\"wpb_column vc_column_container vc_col-sm-1\/5\"><div class=\"vc_column-inner\"><div class=\"wpb_wrapper\"><\/div><\/div><\/div><div class=\"wpb_column vc_column_container vc_col-sm-1\/5\"><div class=\"vc_column-inner\"><div class=\"wpb_wrapper\">\n\t<div class=\"wpb_single_image wpb_content_element vc_align_left\">\n\t\t<div class=\"wpb_wrapper\">\n\t\t\t\n\t\t\t<a  href=\"https:\/\/www.facebook.com\/iena.avenches\" target=\"_blank\" ><div class=\"vc_single_image-wrapper   vc_box_border_grey\"><img width=\"2400\" height=\"251\" src=\"https:\/\/translate.iena.ch\/wp-content\/uploads\/2020\/10\/facebook.png\" class=\"vc_single_image-img attachment-full\" alt=\"\" loading=\"lazy\" title=\"facebook\" srcset=\"https:\/\/translate.iena.ch\/wp-content\/uploads\/2020\/10\/facebook.png 2400w, https:\/\/translate.iena.ch\/wp-content\/uploads\/2020\/10\/facebook-300x31.png 300w, https:\/\/translate.iena.ch\/wp-content\/uploads\/2020\/10\/facebook-1024x107.png 1024w, https:\/\/translate.iena.ch\/wp-content\/uploads\/2020\/10\/facebook-768x80.png 768w, https:\/\/translate.iena.ch\/wp-content\/uploads\/2020\/10\/facebook-1536x161.png 1536w, https:\/\/translate.iena.ch\/wp-content\/uploads\/2020\/10\/facebook-2048x214.png 2048w, https:\/\/translate.iena.ch\/wp-content\/uploads\/2020\/10\/facebook-200x21.png 200w\" sizes=\"(max-width: 2400px) 100vw, 2400px\" \/><\/div><\/a>\n\t\t<\/div>\n\t<\/div>\n<\/div><\/div><\/div><div class=\"wpb_column vc_column_container vc_col-sm-1\/5\"><div class=\"vc_column-inner\"><div class=\"wpb_wrapper\">\n\t<div class=\"wpb_single_image wpb_content_element vc_align_left\">\n\t\t<div class=\"wpb_wrapper\">\n\t\t\t\n\t\t\t<a  href=\"https:\/\/www.instagram.com\/iena.avenches\/?hl=fr\" target=\"_blank\" ><div class=\"vc_single_image-wrapper   vc_box_border_grey\"><img width=\"2400\" height=\"251\" src=\"https:\/\/translate.iena.ch\/wp-content\/uploads\/2020\/10\/instagram.png\" class=\"vc_single_image-img attachment-full\" alt=\"\" loading=\"lazy\" title=\"instagram\" srcset=\"https:\/\/translate.iena.ch\/wp-content\/uploads\/2020\/10\/instagram.png 2400w, https:\/\/translate.iena.ch\/wp-content\/uploads\/2020\/10\/instagram-300x31.png 300w, https:\/\/translate.iena.ch\/wp-content\/uploads\/2020\/10\/instagram-1024x107.png 1024w, https:\/\/translate.iena.ch\/wp-content\/uploads\/2020\/10\/instagram-768x80.png 768w, https:\/\/translate.iena.ch\/wp-content\/uploads\/2020\/10\/instagram-1536x161.png 1536w, https:\/\/translate.iena.ch\/wp-content\/uploads\/2020\/10\/instagram-2048x214.png 2048w, https:\/\/translate.iena.ch\/wp-content\/uploads\/2020\/10\/instagram-200x21.png 200w\" sizes=\"(max-width: 2400px) 100vw, 2400px\" \/><\/div><\/a>\n\t\t<\/div>\n\t<\/div>\n<\/div><\/div><\/div><div class=\"wpb_column vc_column_container vc_col-sm-1\/5\"><div class=\"vc_column-inner\"><div class=\"wpb_wrapper\">\n\t<div class=\"wpb_single_image wpb_content_element vc_align_left\">\n\t\t<div class=\"wpb_wrapper\">\n\t\t\t\n\t\t\t<a  href=\"https:\/\/www.youtube.com\/channel\/UCit0EqNyPG428G-_bRdpq6g\" target=\"_blank\" ><div class=\"vc_single_image-wrapper   vc_box_border_grey\"><img width=\"2400\" height=\"251\" src=\"https:\/\/translate.iena.ch\/wp-content\/uploads\/2020\/10\/youtube.png\" class=\"vc_single_image-img attachment-full\" alt=\"\" loading=\"lazy\" title=\"youtube\" srcset=\"https:\/\/translate.iena.ch\/wp-content\/uploads\/2020\/10\/youtube.png 2400w, https:\/\/translate.iena.ch\/wp-content\/uploads\/2020\/10\/youtube-300x31.png 300w, https:\/\/translate.iena.ch\/wp-content\/uploads\/2020\/10\/youtube-1024x107.png 1024w, https:\/\/translate.iena.ch\/wp-content\/uploads\/2020\/10\/youtube-768x80.png 768w, https:\/\/translate.iena.ch\/wp-content\/uploads\/2020\/10\/youtube-1536x161.png 1536w, https:\/\/translate.iena.ch\/wp-content\/uploads\/2020\/10\/youtube-2048x214.png 2048w, https:\/\/translate.iena.ch\/wp-content\/uploads\/2020\/10\/youtube-200x21.png 200w\" sizes=\"(max-width: 2400px) 100vw, 2400px\" \/><\/div><\/a>\n\t\t<\/div>\n\t<\/div>\n<\/div><\/div><\/div><div class=\"wpb_column vc_column_container vc_col-sm-1\/5\"><div class=\"vc_column-inner\"><div class=\"wpb_wrapper\"><\/div><\/div><\/div><\/div><\/div><div  class=\"vc_row wpb_row vc_row-fluid bottom-img vc_custom_1639986060192\"><div class=\"full_width\"><div class=\"wpb_column vc_column_container vc_col-sm-12\"><div class=\"vc_column-inner\"><div class=\"wpb_wrapper\"><div class=\"vc_empty_space\"   style=\"height: 20px\"><span class=\"vc_empty_space_inner\"><\/span><\/div><\/div><\/div><\/div><\/div><\/div>","protected":false},"excerpt":{"rendered":"Centre d'entra\u00eenement Avec ses infrastructures de qualit\u00e9 r\u00e9parties sur 142 hectares, l\u2019IENA offre des opportunit\u00e9s uniques pour l\u2019entra\u00eenement des chevaux et la pratique de toutes les disciplines \u00e9questres. Que vous souhaitiez louer une \u00e9curie, organiser un stage ou juste profiter des installations de l\u2019IENA pour une journ\u00e9e ou plus, nos propositions sont diversifi\u00e9es. Contactez-nous d\u00e8s maintenant pour obtenir une offre! Vous aimeriez utiliser les infrastructures de IENA pour vous entrainer? Suivez les \u00e9tapes ci-dessous!\u00c9TAPE 1 - R\u00c9SERVATIONRemplir le formulaire ci-dessous ou appelez au 026 676 76 76 POUR \u00caTRE VALABLE, LA R\u00c9SERVATION DOIT \u00caTRE CONFIRM\u00c9E PAR LE SECR\u00c9TARIAT Le secr\u00e9tariat &hellip; <a href=\"https:\/\/translate.iena.ch\/de\/centre-dentrainement\/\">Lire la suite<\/a>","protected":false},"author":2,"featured_media":0,"parent":0,"menu_order":0,"comment_status":"closed","ping_status":"closed","template":"page-fullwidth.php","meta":[],"acf":[],"_links":{"self":[{"href":"https:\/\/translate.iena.ch\/de\/wp-json\/wp\/v2\/pages\/6068"}],"collection":[{"href":"https:\/\/translate.iena.ch\/de\/wp-json\/wp\/v2\/pages"}],"about":[{"href":"https:\/\/translate.iena.ch\/de\/wp-json\/wp\/v2\/types\/page"}],"author":[{"embeddable":true,"href":"https:\/\/translate.iena.ch\/de\/wp-json\/wp\/v2\/users\/2"}],"replies":[{"embeddable":true,"href":"https:\/\/translate.iena.ch\/de\/wp-json\/wp\/v2\/comments?post=6068"}],"version-history":[{"count":54,"href":"https:\/\/translate.iena.ch\/de\/wp-json\/wp\/v2\/pages\/6068\/revisions"}],"predecessor-version":[{"id":41847,"href":"https:\/\/translate.iena.ch\/de\/wp-json\/wp\/v2\/pages\/6068\/revisions\/41847"}],"wp:attachment":[{"href":"https:\/\/translate.iena.ch\/de\/wp-json\/wp\/v2\/media?parent=6068"}],"curies":[{"name":"wp","href":"https:\/\/api.w.org\/{rel}","templated":true}]}}