{"id":6853,"date":"2019-06-04T21:36:39","date_gmt":"2019-06-04T19:36:39","guid":{"rendered":"https:\/\/translate.iena.ch\/?page_id=6853"},"modified":"2022-09-14T10:54:14","modified_gmt":"2022-09-14T08:54:14","slug":"academy","status":"publish","type":"page","link":"https:\/\/translate.iena.ch\/de\/academy\/","title":{"rendered":"Academy"},"content":{"rendered":"<div  class=\"vc_row wpb_row vc_row-fluid vc_custom_1573487168843\"><div class=\"vc_container\"><div class=\"wpb_column vc_column_container vc_col-sm-12\"><div class=\"vc_column-inner\"><div class=\"wpb_wrapper\"><div class=\"vc_empty_space\"   style=\"height: 150px\"><span class=\"vc_empty_space_inner\"><\/span><\/div><h1 style=\"color: #124734;text-align: center;font-family:Roboto;font-weight:900;font-style:normal\" class=\"vc_custom_heading\" >IENA Academy<\/h1><h3 style=\"color: #124734;text-align: center;font-family:Roboto;font-weight:500;font-style:normal\" class=\"vc_custom_heading\" >Un lieu d'apprentissage unique, novateur et accessible \u00e0 tous<\/h3><\/div><\/div><\/div><\/div><\/div><div  class=\"vc_row wpb_row vc_row-fluid vc_custom_1572450444374\"><div class=\"vc_container\"><div class=\"wpb_column vc_column_container vc_col-sm-12\"><div class=\"vc_column-inner\"><div class=\"wpb_wrapper\"><div class=\"vc_empty_space\"   style=\"height: 20px\"><span class=\"vc_empty_space_inner\"><\/span><\/div>\n\t<div class=\"wpb_text_column wpb_content_element\" >\n\t\t<div class=\"wpb_wrapper\">\n\t\t\t<p style=\"text-align: center;\"><span style=\"font-family: roboto; color: #000000;\">Pour nombre de personnes pratiquant des activit\u00e9s \u00e9questres, leur seule dimension sportive n\u2019est pas suffisante. Elles souhaitent \u00e9galement \u00e9tablir une relation de confiance avec leur cheval, s\u2019assurer qu\u2019il soit en bonne sant\u00e9 et qu\u2019il se sente bien. Bien souvent, elles ne savent toutefois pas comment s\u2019y prendre. C\u2019est pour r\u00e9pondre aux interrogations de ces passionn\u00e9s et leur donner les moyens d\u2019approfondir leurs connaissances qu\u2019est n\u00e9 le projet IENA Academy.<\/span><\/p>\n<p style=\"text-align: center;\"><span style=\"font-family: roboto; color: #000000;\">Gr\u00e2ce \u00e0 des formations alliant th\u00e9orie et pratique, ce centre de comp\u00e9tences unique en son genre a pour ambition de transmettre les valeurs et les connaissances permettant le d\u00e9veloppement d\u2019une relation saine et p\u00e9renne entre l\u2019homme et le cheval, condition indispensable \u00e0 la garantie du bien-\u00eatre des \u00e9quid\u00e9s. Con\u00e7ues par un groupe d\u2019experts reconnus dans des domaines tels que l\u2019\u00e9thologie, la m\u00e9decine v\u00e9t\u00e9rinaire, la biologie, ou encore les sciences de l\u2019\u00e9ducation, ces formations ont \u00e9t\u00e9 pens\u00e9es pour offrir la plus grande flexibilit\u00e9 possible et proposent donc le plus souvent des cours \u00ab \u00e0 la carte \u00bb.<\/span><\/p>\n\n\t\t<\/div>\n\t<\/div>\n<div class=\"vc_empty_space\"   style=\"height: 30px\"><span class=\"vc_empty_space_inner\"><\/span><\/div><h4 style=\"color: #124734;text-align: center;font-family:Roboto;font-weight:500;font-style:normal\" class=\"vc_custom_heading\" >Pourvu d\u2019un but d\u2019utilit\u00e9 publique, IENA Academy b\u00e9n\u00e9ficie du soutien financier d\u2019une importante fondation philanthropique qui permet de ne pas r\u00e9percuter la totalit\u00e9 des co\u00fbts de son fonctionnement sur le prix des formations. Elles peuvent ainsi vous \u00eatre propos\u00e9es \u00e0 un prix attractif.<\/h4><div class=\"vc_empty_space\"   style=\"height: 100px\"><span class=\"vc_empty_space_inner\"><\/span><\/div><\/div><\/div><\/div><\/div><\/div><div  class=\"vc_row wpb_row vc_row-fluid vc_custom_1662531405208\"><div class=\"full_width\"><div class=\"wpb_column vc_column_container vc_col-sm-6 vc_hidden-md vc_hidden-sm vc_hidden-xs vc_col-has-fill\"><div class=\"vc_column-inner vc_custom_1662532038128\"><div class=\"wpb_wrapper\">\n\t<div class=\"wpb_single_image wpb_content_element vc_align_left  vc_custom_1625139397813\">\n\t\t<div class=\"wpb_wrapper\">\n\t\t\t\n\t\t\t<div class=\"vc_single_image-wrapper   vc_box_border_grey\"><img width=\"1575\" height=\"1050\" src=\"https:\/\/translate.iena.ch\/wp-content\/uploads\/2021\/06\/enfant-poney_web.jpg\" class=\"vc_single_image-img attachment-full\" alt=\"\" loading=\"lazy\" title=\"enfant-poney_web\" srcset=\"https:\/\/translate.iena.ch\/wp-content\/uploads\/2021\/06\/enfant-poney_web.jpg 1575w, https:\/\/translate.iena.ch\/wp-content\/uploads\/2021\/06\/enfant-poney_web-300x200.jpg 300w, https:\/\/translate.iena.ch\/wp-content\/uploads\/2021\/06\/enfant-poney_web-1024x683.jpg 1024w, https:\/\/translate.iena.ch\/wp-content\/uploads\/2021\/06\/enfant-poney_web-768x512.jpg 768w, https:\/\/translate.iena.ch\/wp-content\/uploads\/2021\/06\/enfant-poney_web-391x260.jpg 391w, https:\/\/translate.iena.ch\/wp-content\/uploads\/2021\/06\/enfant-poney_web-1536x1024.jpg 1536w, https:\/\/translate.iena.ch\/wp-content\/uploads\/2021\/06\/enfant-poney_web-200x133.jpg 200w, https:\/\/translate.iena.ch\/wp-content\/uploads\/2021\/06\/enfant-poney_web-640x426.jpg 640w, https:\/\/translate.iena.ch\/wp-content\/uploads\/2021\/06\/enfant-poney_web-600x400.jpg 600w\" sizes=\"(max-width: 1575px) 100vw, 1575px\" \/><\/div>\n\t\t<\/div>\n\t<\/div>\n<\/div><\/div><\/div><div class=\"wpb_column vc_column_container vc_col-sm-6\"><div class=\"vc_column-inner\"><div class=\"wpb_wrapper\"><div class=\"vc_empty_space\"   style=\"height: 200px\"><span class=\"vc_empty_space_inner\"><\/span><\/div><section class=\"vc_cta3-container\"><div class=\"vc_general vc_cta3 vc_cta3-style-custom vc_cta3-shape-square vc_cta3-align-left vc_cta3-icon-size-md vc_cta3-actions-bottom vc_custom_1663145405543\" style=\"background-color:#124734;\"><div class=\"vc_cta3_content-container\"><div class=\"vc_cta3-content\"><header class=\"vc_cta3-content-header\"><h2 style=\"font-size: 50px;color: #ffffff;text-align: left;font-family:Roboto;font-weight:700;font-style:normal\" class=\"vc_custom_heading\" >ENFANTS<\/h2><h2 style=\"font-size: 50px;color: #ffffff;line-height: 1;text-align: left;font-family:Roboto;font-weight:300;font-style:normal\" class=\"vc_custom_heading\" >JOURN\u00c9ES D\u00c9COUVERTES<\/h2><\/header><h4><span style=\"color: #ffffff;\">Durant les vacances scolaires, la IENA Academy organise des journ\u00e9es &#8220;D\u00e9couverte du cheval&#8221;. Les enfants apprennent \u00e0 observer, communiquer et s\u2019occuper des chevaux de mani\u00e8re ludique et interactive!<\/span><br \/>\n<span style=\"color: #ffffff;\">Ateliers pratiques, visites des \u00e9curies, jeux, bricolages, interactions et activit\u00e9s avec les poneys.<\/span><\/h4>\n<\/div><div class=\"vc_cta3-actions\"><div class=\"vc_btn3-container vc_btn3-inline\" ><a style=\"background-color:#c2e76b; color:#124734;\" class=\"vc_general vc_btn3 vc_btn3-size-md vc_btn3-shape-round vc_btn3-style-custom\" href=\"https:\/\/translate.iena.ch\/de\/academy\/vacances\/\" title=\"\">D\u00e9couvrir les journ\u00e9es \u00e0 th\u00e8me!<\/a><\/div><\/div><\/div><\/div><\/section><\/div><\/div><\/div><\/div><\/div><div  class=\"vc_row wpb_row vc_row-fluid\"><div class=\"full_width\"><div class=\"wpb_column vc_column_container vc_col-sm-6\"><div class=\"vc_column-inner\"><div class=\"wpb_wrapper\"><div class=\"vc_empty_space\"   style=\"height: 200px\"><span class=\"vc_empty_space_inner\"><\/span><\/div><section class=\"vc_cta3-container\"><div class=\"vc_general vc_cta3 vc_cta3-style-flat vc_cta3-shape-square vc_cta3-align-left vc_cta3-color-white vc_cta3-icon-size-md vc_cta3-actions-bottom\"><div class=\"vc_cta3_content-container\"><div class=\"vc_cta3-content\"><header class=\"vc_cta3-content-header\"><h2 style=\"font-size: 50px;color: #124734;text-align: left;font-family:Roboto;font-weight:700;font-style:normal\" class=\"vc_custom_heading\" >FORMATION ADULTES<\/h2><\/header><h4><span style=\"color: #000000;\">Vous pratiquez des activit\u00e9s avec les chevaux et vous aimeriez enrichir vos connaissances pour am\u00e9liorer votre relation avec eux? Vous souhaitez conna\u00eetre leurs besoins et la mani\u00e8re de les satisfaire au mieux pour garantir leur bien-\u00eatre?<\/span><\/h4>\n<\/div><div class=\"vc_cta3-actions\"><div class=\"vc_btn3-container vc_btn3-inline\" ><a style=\"background-color:#c2e76b; color:#124734;\" class=\"vc_general vc_btn3 vc_btn3-size-md vc_btn3-shape-round vc_btn3-style-custom\" href=\"https:\/\/translate.iena.ch\/de\/academy\/academy-cours-adultes\/\" title=\"\">En savoir+<\/a><\/div><\/div><\/div><\/div><\/section><\/div><\/div><\/div><div class=\"wpb_column vc_column_container vc_col-sm-6 vc_hidden-md vc_hidden-sm vc_hidden-xs vc_col-has-fill\"><div class=\"vc_column-inner vc_custom_1662532046815\"><div class=\"wpb_wrapper\">\n\t<div class=\"wpb_single_image wpb_content_element vc_align_left  vc_custom_1625139672092\">\n\t\t<div class=\"wpb_wrapper\">\n\t\t\t\n\t\t\t<div class=\"vc_single_image-wrapper   vc_box_border_grey\"><img width=\"1887\" height=\"1260\" src=\"https:\/\/translate.iena.ch\/wp-content\/uploads\/2021\/06\/cheval-mange-foin-web-1.jpg\" class=\"vc_single_image-img attachment-full\" alt=\"\" loading=\"lazy\" title=\"cheval-mange-foin-web\" srcset=\"https:\/\/translate.iena.ch\/wp-content\/uploads\/2021\/06\/cheval-mange-foin-web-1.jpg 1887w, https:\/\/translate.iena.ch\/wp-content\/uploads\/2021\/06\/cheval-mange-foin-web-1-300x200.jpg 300w, https:\/\/translate.iena.ch\/wp-content\/uploads\/2021\/06\/cheval-mange-foin-web-1-1024x684.jpg 1024w, https:\/\/translate.iena.ch\/wp-content\/uploads\/2021\/06\/cheval-mange-foin-web-1-768x513.jpg 768w, https:\/\/translate.iena.ch\/wp-content\/uploads\/2021\/06\/cheval-mange-foin-web-1-391x260.jpg 391w, https:\/\/translate.iena.ch\/wp-content\/uploads\/2021\/06\/cheval-mange-foin-web-1-1536x1026.jpg 1536w, https:\/\/translate.iena.ch\/wp-content\/uploads\/2021\/06\/cheval-mange-foin-web-1-200x134.jpg 200w, https:\/\/translate.iena.ch\/wp-content\/uploads\/2021\/06\/cheval-mange-foin-web-1-640x426.jpg 640w, https:\/\/translate.iena.ch\/wp-content\/uploads\/2021\/06\/cheval-mange-foin-web-1-600x401.jpg 600w\" sizes=\"(max-width: 1887px) 100vw, 1887px\" \/><\/div>\n\t\t<\/div>\n\t<\/div>\n<\/div><\/div><\/div><\/div><\/div><div  class=\"vc_row wpb_row vc_row-fluid vc_custom_1662531709200\"><div class=\"full_width\"><div class=\"wpb_column vc_column_container vc_col-sm-6 vc_hidden-md vc_hidden-sm vc_hidden-xs vc_col-has-fill\"><div class=\"vc_column-inner vc_custom_1662532057842\"><div class=\"wpb_wrapper\">\n\t<div class=\"wpb_single_image wpb_content_element vc_align_left  vc_custom_1625139849314\">\n\t\t<div class=\"wpb_wrapper\">\n\t\t\t\n\t\t\t<div class=\"vc_single_image-wrapper   vc_box_border_grey\"><img width=\"1604\" height=\"1168\" src=\"https:\/\/translate.iena.ch\/wp-content\/uploads\/2021\/07\/cheval-sport.jpg\" class=\"vc_single_image-img attachment-full\" alt=\"\" loading=\"lazy\" title=\"cheval-sport\" srcset=\"https:\/\/translate.iena.ch\/wp-content\/uploads\/2021\/07\/cheval-sport.jpg 1604w, https:\/\/translate.iena.ch\/wp-content\/uploads\/2021\/07\/cheval-sport-300x218.jpg 300w, https:\/\/translate.iena.ch\/wp-content\/uploads\/2021\/07\/cheval-sport-1024x746.jpg 1024w, https:\/\/translate.iena.ch\/wp-content\/uploads\/2021\/07\/cheval-sport-768x559.jpg 768w, https:\/\/translate.iena.ch\/wp-content\/uploads\/2021\/07\/cheval-sport-1536x1118.jpg 1536w, https:\/\/translate.iena.ch\/wp-content\/uploads\/2021\/07\/cheval-sport-200x146.jpg 200w, https:\/\/translate.iena.ch\/wp-content\/uploads\/2021\/07\/cheval-sport-600x437.jpg 600w\" sizes=\"(max-width: 1604px) 100vw, 1604px\" \/><\/div>\n\t\t<\/div>\n\t<\/div>\n<\/div><\/div><\/div><div class=\"wpb_column vc_column_container vc_col-sm-6\"><div class=\"vc_column-inner\"><div class=\"wpb_wrapper\"><div class=\"vc_empty_space\"   style=\"height: 100px\"><span class=\"vc_empty_space_inner\"><\/span><\/div><section class=\"vc_cta3-container\"><div class=\"vc_general vc_cta3 vc_cta3-style-custom vc_cta3-shape-square vc_cta3-align-left vc_cta3-icon-size-md vc_cta3-actions-bottom vc_custom_1662531934040\" style=\"background-color:#124734;\"><div class=\"vc_cta3_content-container\"><div class=\"vc_cta3-content\"><header class=\"vc_cta3-content-header\"><h2 style=\"font-size: 50px;color: #ffffff;text-align: left;font-family:Roboto;font-weight:700;font-style:normal\" class=\"vc_custom_heading\" >CONF\u00c9RENCES<\/h2><\/header><h4><span style=\"color: #ffffff;\">Le temps d\u2019une journ\u00e9e, assistez aux conf\u00e9rences et aux d\u00e9monstrations pratiques, discutez avec des professionnels du monde hippique (v\u00e9t\u00e9rinaires, \u00e9thologues, mar\u00e9chaux, cavaliers et meneurs professionnels, etc.) et b\u00e9n\u00e9ficiez de leurs conseils.<\/span><\/h4>\n<\/div><div class=\"vc_cta3-actions\"><div class=\"vc_btn3-container vc_btn3-inline\" ><a style=\"background-color:#c2e76b; color:#124734;\" class=\"vc_general vc_btn3 vc_btn3-size-md vc_btn3-shape-round vc_btn3-style-custom\" href=\"https:\/\/translate.iena.ch\/de\/academy\/conferences\/\" title=\"\">Conf\u00e9r\u00e9nces 2022<\/a><\/div><\/div><\/div><\/div><\/section><section class=\"vc_cta3-container\"><div class=\"vc_general vc_cta3 vc_cta3-style-custom vc_cta3-shape-square vc_cta3-align-left vc_cta3-icon-size-md vc_cta3-actions-bottom vc_custom_1663145625046\" style=\"background-color:#124734;\"><div class=\"vc_cta3_content-container\"><div class=\"vc_cta3-content\"><header class=\"vc_cta3-content-header\"><h2 style=\"font-size: 50px;color: #ffffff;text-align: left;font-family:Roboto;font-weight:700;font-style:normal\" class=\"vc_custom_heading\" >WORKSHOPS<\/h2><\/header><\/div><div class=\"vc_cta3-actions\"><div class=\"vc_btn3-container vc_btn3-inline\" ><a style=\"background-color:#c2e76b; color:#124734;\" class=\"vc_general vc_btn3 vc_btn3-size-md vc_btn3-shape-round vc_btn3-style-custom\" href=\"https:\/\/translate.iena.ch\/de\/academy\/conferences\/conference-workshop-du-25-au-27-novembre-2022\/\" title=\"\">Informations<\/a><\/div><\/div><\/div><\/div><\/section><\/div><\/div><\/div><\/div><\/div><div  class=\"vc_row wpb_row vc_row-fluid vc_custom_1639126339841\"><div class=\"full_width\"><div class=\"bottom-img wpb_column vc_column_container vc_col-sm-12\"><div class=\"vc_column-inner\"><div class=\"wpb_wrapper\"><div class=\"vc_empty_space\"   style=\"height: 20px\"><span class=\"vc_empty_space_inner\"><\/span><\/div><\/div><\/div><\/div><\/div><\/div><div  class=\"vc_row wpb_row vc_row-fluid vc_custom_1639126339841\"><div class=\"full_width\"><div class=\"bottom-img wpb_column vc_column_container vc_col-sm-1\/5\"><div class=\"vc_column-inner\"><div class=\"wpb_wrapper\"><\/div><\/div><\/div><div class=\"wpb_column vc_column_container vc_col-sm-1\/5\"><div class=\"vc_column-inner\"><div class=\"wpb_wrapper\">\n\t<div class=\"wpb_single_image wpb_content_element vc_align_left\">\n\t\t<div class=\"wpb_wrapper\">\n\t\t\t\n\t\t\t<a  href=\"https:\/\/www.facebook.com\/iena.avenches\" target=\"_blank\" ><div class=\"vc_single_image-wrapper   vc_box_border_grey\"><img width=\"2400\" height=\"251\" src=\"https:\/\/translate.iena.ch\/wp-content\/uploads\/2020\/10\/facebook.png\" class=\"vc_single_image-img attachment-full\" alt=\"\" loading=\"lazy\" title=\"facebook\" srcset=\"https:\/\/translate.iena.ch\/wp-content\/uploads\/2020\/10\/facebook.png 2400w, https:\/\/translate.iena.ch\/wp-content\/uploads\/2020\/10\/facebook-300x31.png 300w, https:\/\/translate.iena.ch\/wp-content\/uploads\/2020\/10\/facebook-1024x107.png 1024w, https:\/\/translate.iena.ch\/wp-content\/uploads\/2020\/10\/facebook-768x80.png 768w, https:\/\/translate.iena.ch\/wp-content\/uploads\/2020\/10\/facebook-1536x161.png 1536w, https:\/\/translate.iena.ch\/wp-content\/uploads\/2020\/10\/facebook-2048x214.png 2048w, https:\/\/translate.iena.ch\/wp-content\/uploads\/2020\/10\/facebook-200x21.png 200w\" sizes=\"(max-width: 2400px) 100vw, 2400px\" \/><\/div><\/a>\n\t\t<\/div>\n\t<\/div>\n<\/div><\/div><\/div><div class=\"wpb_column vc_column_container vc_col-sm-1\/5\"><div class=\"vc_column-inner\"><div class=\"wpb_wrapper\">\n\t<div class=\"wpb_single_image wpb_content_element vc_align_left\">\n\t\t<div class=\"wpb_wrapper\">\n\t\t\t\n\t\t\t<a  href=\"https:\/\/www.instagram.com\/iena.avenches\/?hl=fr\" target=\"_blank\" ><div class=\"vc_single_image-wrapper   vc_box_border_grey\"><img width=\"2400\" height=\"251\" src=\"https:\/\/translate.iena.ch\/wp-content\/uploads\/2020\/10\/instagram.png\" class=\"vc_single_image-img attachment-full\" alt=\"\" loading=\"lazy\" title=\"instagram\" srcset=\"https:\/\/translate.iena.ch\/wp-content\/uploads\/2020\/10\/instagram.png 2400w, https:\/\/translate.iena.ch\/wp-content\/uploads\/2020\/10\/instagram-300x31.png 300w, https:\/\/translate.iena.ch\/wp-content\/uploads\/2020\/10\/instagram-1024x107.png 1024w, https:\/\/translate.iena.ch\/wp-content\/uploads\/2020\/10\/instagram-768x80.png 768w, https:\/\/translate.iena.ch\/wp-content\/uploads\/2020\/10\/instagram-1536x161.png 1536w, https:\/\/translate.iena.ch\/wp-content\/uploads\/2020\/10\/instagram-2048x214.png 2048w, https:\/\/translate.iena.ch\/wp-content\/uploads\/2020\/10\/instagram-200x21.png 200w\" sizes=\"(max-width: 2400px) 100vw, 2400px\" \/><\/div><\/a>\n\t\t<\/div>\n\t<\/div>\n<\/div><\/div><\/div><div class=\"wpb_column vc_column_container vc_col-sm-1\/5\"><div class=\"vc_column-inner\"><div class=\"wpb_wrapper\">\n\t<div class=\"wpb_single_image wpb_content_element vc_align_left\">\n\t\t<div class=\"wpb_wrapper\">\n\t\t\t\n\t\t\t<a  href=\"https:\/\/www.youtube.com\/channel\/UCit0EqNyPG428G-_bRdpq6g\" target=\"_blank\" ><div class=\"vc_single_image-wrapper   vc_box_border_grey\"><img width=\"2400\" height=\"251\" src=\"https:\/\/translate.iena.ch\/wp-content\/uploads\/2020\/10\/youtube.png\" class=\"vc_single_image-img attachment-full\" alt=\"\" loading=\"lazy\" title=\"youtube\" srcset=\"https:\/\/translate.iena.ch\/wp-content\/uploads\/2020\/10\/youtube.png 2400w, https:\/\/translate.iena.ch\/wp-content\/uploads\/2020\/10\/youtube-300x31.png 300w, https:\/\/translate.iena.ch\/wp-content\/uploads\/2020\/10\/youtube-1024x107.png 1024w, https:\/\/translate.iena.ch\/wp-content\/uploads\/2020\/10\/youtube-768x80.png 768w, https:\/\/translate.iena.ch\/wp-content\/uploads\/2020\/10\/youtube-1536x161.png 1536w, https:\/\/translate.iena.ch\/wp-content\/uploads\/2020\/10\/youtube-2048x214.png 2048w, https:\/\/translate.iena.ch\/wp-content\/uploads\/2020\/10\/youtube-200x21.png 200w\" sizes=\"(max-width: 2400px) 100vw, 2400px\" \/><\/div><\/a>\n\t\t<\/div>\n\t<\/div>\n<\/div><\/div><\/div><div class=\"wpb_column vc_column_container vc_col-sm-1\/5\"><div class=\"vc_column-inner\"><div class=\"wpb_wrapper\"><\/div><\/div><\/div><\/div><\/div><div  class=\"vc_row wpb_row vc_row-fluid vc_custom_1639126339841\"><div class=\"full_width\"><div class=\"bottom-img wpb_column vc_column_container vc_col-sm-12\"><div class=\"vc_column-inner\"><div class=\"wpb_wrapper\"><div class=\"vc_empty_space\"   style=\"height: 20px\"><span class=\"vc_empty_space_inner\"><\/span><\/div><\/div><\/div><\/div><\/div><\/div>","protected":false},"excerpt":{"rendered":"IENA AcademyUn lieu d'apprentissage unique, novateur et accessible \u00e0 tous Pour nombre de personnes pratiquant des activit\u00e9s \u00e9questres, leur seule dimension sportive n\u2019est pas suffisante. Elles souhaitent \u00e9galement \u00e9tablir une relation de confiance avec leur cheval, s\u2019assurer qu\u2019il soit en bonne sant\u00e9 et qu\u2019il se sente bien. Bien souvent, elles ne savent toutefois pas comment s\u2019y prendre. C\u2019est pour r\u00e9pondre aux interrogations de ces passionn\u00e9s et leur donner les moyens d\u2019approfondir leurs connaissances qu\u2019est n\u00e9 le projet IENA Academy. Gr\u00e2ce \u00e0 des formations alliant th\u00e9orie et pratique, ce centre de comp\u00e9tences unique en son genre a pour ambition de transmettre &hellip; <a href=\"https:\/\/translate.iena.ch\/de\/academy\/\">Lire la suite<\/a>","protected":false},"author":1,"featured_media":0,"parent":0,"menu_order":0,"comment_status":"closed","ping_status":"closed","template":"page-fullwidth.php","meta":[],"acf":[],"_links":{"self":[{"href":"https:\/\/translate.iena.ch\/de\/wp-json\/wp\/v2\/pages\/6853"}],"collection":[{"href":"https:\/\/translate.iena.ch\/de\/wp-json\/wp\/v2\/pages"}],"about":[{"href":"https:\/\/translate.iena.ch\/de\/wp-json\/wp\/v2\/types\/page"}],"author":[{"embeddable":true,"href":"https:\/\/translate.iena.ch\/de\/wp-json\/wp\/v2\/users\/1"}],"replies":[{"embeddable":true,"href":"https:\/\/translate.iena.ch\/de\/wp-json\/wp\/v2\/comments?post=6853"}],"version-history":[{"count":6,"href":"https:\/\/translate.iena.ch\/de\/wp-json\/wp\/v2\/pages\/6853\/revisions"}],"predecessor-version":[{"id":43139,"href":"https:\/\/translate.iena.ch\/de\/wp-json\/wp\/v2\/pages\/6853\/revisions\/43139"}],"wp:attachment":[{"href":"https:\/\/translate.iena.ch\/de\/wp-json\/wp\/v2\/media?parent=6853"}],"curies":[{"name":"wp","href":"https:\/\/api.w.org\/{rel}","templated":true}]}}